{"id":5919,"date":"2024-10-10T14:00:18","date_gmt":"2024-10-10T12:00:18","guid":{"rendered":"https:\/\/normex-werkzeuge.de\/de\/?post_type=product&#038;p=5919"},"modified":"2024-10-10T14:32:51","modified_gmt":"2024-10-10T12:32:51","slug":"hss-e-co5-stufenbohrersatz-3-tlg","status":"publish","type":"product","link":"https:\/\/normex-werkzeuge.de\/de\/produkt\/hss-e-co5-stufenbohrersatz-3-tlg\/","title":{"rendered":"HSS-E Co5 Stufenbohrersatz | 3-tlg."},"content":{"rendered":"<p>Die 5-prozentige Cobalt-Legierung, der HSS-Stufenbohrer, bietet eine besondere Warmh\u00e4rtebest\u00e4ndigkeit, wodurch hohe Standzeiten und eine hervorragende Schneidleistung gew\u00e4hrleistet werden.<\/p>\n<p>Stahlbleche, Holz- und Kunststoffplatten bis 4 mm Dicke sowie Edelstahl und Nichteisenmetalle bis zu einer St\u00e4rke von 1,5 mm<br \/>\nlassen sich in einem Arbeitsgang anbohren, auf den ben\u00f6tigten Durchmesser aufbohren und entgraten.<\/p>\n<p>Durch den dreifl\u00e4chigen Schaft lassen sich die Stufenbohrer absolut zentriert in jeder Bohrmaschine einspannen.<br \/>\nDie mit Kreuzanschliff versehene Bohrspitze bietet beim Anbohren einen sicheren halt am Werkst\u00fcck.<\/p>\n<p>Der 3-teilige Satz enth\u00e4lt die Gr\u00f6\u00dfen 4 &#8211; 12 mm, 4 &#8211; 20 mm und 4 &#8211; 30 mm. Die stabile ABS-Kunststoffbox bietet den Bohrern perfekten Stauraum und Schutz. Ge\u00f6ffnet, pr\u00e4sentiert die Box die Bohrer sehr \u00fcbersichtlich, der Gr\u00f6\u00dfe nach sortiert, nebeneinander aufgestellt.<\/p>\n","protected":false},"excerpt":{"rendered":"<p><strong>Anwendungsbereiche:<\/strong><em><br \/>\n<\/em><\/p>\n<p>F\u00fcr Metall, Kunststoff, Holz bis 4 mm und Edelstahl bis 1,5 mm St\u00e4rke. Zum Anbohren, Aufbohren und Entgraten in einem Arbeitsgang.<\/p>\n<p><strong>Gr\u00f6\u00dfen:<\/strong><br \/>\n4,0 &#8211; 12,0 mm | in 1 mm Schritten<br \/>\n4,0 &#8211; 20,0 mm | in 2 mm Schritten<br \/>\n6,0 &#8211; 30,0 mm | in 2 mm Schritten<\/p>\n<p><strong>Technische Daten:<\/strong><\/p>\n<ul>\n<li>Hochleistungs-Schnellarbeitsstahl mit 5% Cobaltlegierung<\/li>\n<li>Spiralf\u00f6rmige Spannuten<\/li>\n<li>Kreuzanschliff<\/li>\n<li>Rechtsschneidend<\/li>\n<li>Hohe Hitzebest\u00e4ndigkeit<\/li>\n<li>Dreifl\u00e4chenschaft<\/li>\n<li>Bronzierte Oberfl\u00e4che<\/li>\n<li>Verpackt in ABS-Box<\/li>\n<\/ul>\n<p>&nbsp;<\/p>\n","protected":false},"featured_media":5920,"comment_status":"open","ping_status":"closed","template":"","meta":{"_et_pb_use_builder":"","_et_pb_old_content":"","_et_gb_content_width":""},"product_brand":[],"product_cat":[25],"product_tag":[],"class_list":{"0":"post-5919","1":"product","2":"type-product","3":"status-publish","4":"has-post-thumbnail","6":"product_cat-bohrer","8":"first","9":"instock","10":"shipping-taxable","11":"product-type-simple"},"_links":{"self":[{"href":"https:\/\/normex-werkzeuge.de\/de\/wp-json\/wp\/v2\/product\/5919","targetHints":{"allow":["GET"]}}],"collection":[{"href":"https:\/\/normex-werkzeuge.de\/de\/wp-json\/wp\/v2\/product"}],"about":[{"href":"https:\/\/normex-werkzeuge.de\/de\/wp-json\/wp\/v2\/types\/product"}],"replies":[{"embeddable":true,"href":"https:\/\/normex-werkzeuge.de\/de\/wp-json\/wp\/v2\/comments?post=5919"}],"wp:featuredmedia":[{"embeddable":true,"href":"https:\/\/normex-werkzeuge.de\/de\/wp-json\/wp\/v2\/media\/5920"}],"wp:attachment":[{"href":"https:\/\/normex-werkzeuge.de\/de\/wp-json\/wp\/v2\/media?parent=5919"}],"wp:term":[{"taxonomy":"product_brand","embeddable":true,"href":"https:\/\/normex-werkzeuge.de\/de\/wp-json\/wp\/v2\/product_brand?post=5919"},{"taxonomy":"product_cat","embeddable":true,"href":"https:\/\/normex-werkzeuge.de\/de\/wp-json\/wp\/v2\/product_cat?post=5919"},{"taxonomy":"product_tag","embeddable":true,"href":"https:\/\/normex-werkzeuge.de\/de\/wp-json\/wp\/v2\/product_tag?post=5919"}],"curies":[{"name":"wp","href":"https:\/\/api.w.org\/{rel}","templated":true}]}}