{"id":5704,"date":"2024-03-18T11:04:52","date_gmt":"2024-03-18T10:04:52","guid":{"rendered":"https:\/\/normex-werkzeuge.de\/de\/?post_type=product&#038;p=5704"},"modified":"2024-03-20T13:00:37","modified_gmt":"2024-03-20T12:00:37","slug":"hss-e-co5-spiralbohrersatz-10-130-mm-25-teilig","status":"publish","type":"product","link":"https:\/\/normex-werkzeuge.de\/de\/produkt\/hss-e-co5-spiralbohrersatz-10-130-mm-25-teilig\/","title":{"rendered":"HSS-E Co5 Spiralbohrersatz | 1,0 &#8211; 13,0 mm | 25-teilig"},"content":{"rendered":"<p>Die 5-prozentige Cobalt-Legierung verschafft den HSS-Spiralbohrern eine besondere Warmh\u00e4rtebest\u00e4ndigkeit, wodurch sie selbst f\u00fcr schwer bearbeitbare Materialien, wie z.B. rostfreien Edelstahl oder s\u00e4ure- und hitzebest\u00e4ndige Stahlsorten, geeignet sind.<\/p>\n<p>Die aus Vollmaterial geschliffenen Bohrer gew\u00e4hrleisten einen hohe Rundlaufgenauigkeit. Der Kreuzanschliff der Bohrer erm\u00f6glicht einen zentrierten Einschnitt in das zu bearbeitende Werkst\u00fcck. Der weite Spitzenwinkel von 135\u00b0 garantiert einen optimalen Materialabtrag, selbst bei besonders schwer zu zerspanenden Werkstoffen. Der kleine Spiralnutwinkel verschafft den Bohrern, durch ideale Spanabfuhr, l\u00e4ngere Standzeiten.<\/p>\n<p>Der 25-teilge Satz beinhaltet Spiralbohrer in allen Gr\u00f6\u00dfen von 1,0 mm &#8211; 13,0 mm Durchmesser, in 0,5 mm Schritten aufsteigend. Die stabile ABS-Kunststoffbox bietet den Bohrern perfekten Stauraum und Schutz. Ge\u00f6ffnet, pr\u00e4sentiert die Box die Bohrer sehr \u00fcbersichtlich, der Gr\u00f6\u00dfe nach sortiert, nebeneinander aufgestellt.<\/p>\n","protected":false},"excerpt":{"rendered":"<p><strong>Anwendungsbereiche:<\/strong><em><br \/>\n<\/em>Geeignet f\u00fcr schwer zerspanbare Werkstoffe wie rostfreien Edelstahl sowie hitze- und s\u00e4urebest\u00e4ndige Stahlsorten.<\/p>\n<p><strong>Gr\u00f6\u00dfen:<\/strong><br \/>\n1,0 \/ 1,5 \/ 2,0 \/ 2,5 \/ 3,0 \/ 3,5 \/ 4,0 \/ 4,5 \/ 5,0 \/ 5,5 \/ 6,0 \/ 6,5 \/ 7,0 \/ 7,5 \/ 8,0 \/ 8,5 \/ 9,0 \/ 9,5 \/ 10,0 \/ 10,5 \/ 11,0 \/ 11,5 \/ 12,0 \/ 12,5 \/ 13,0 mm<\/p>\n<p><strong>Technische Daten:<\/strong><\/p>\n<ul>\n<li>Hochleistungs-Schnellarbeitsstahl mit 5% Cobaltlegierung<\/li>\n<li>Gefertigt nach DIN 338<\/li>\n<li>Komplett geschliffen<\/li>\n<li>Bronzierte Oberfl\u00e4che<\/li>\n<li>Spitzenwinkel: 135\u00b0<\/li>\n<li>Kreuzanschliff<\/li>\n<li>Rechtsschneidend<\/li>\n<li>Hohe Hitzebest\u00e4ndigkeit<\/li>\n<li>Schaft: zylindrisch<\/li>\n<li>F\u00fcr Materialien bis zu\u00a0 einer Festigkeit von 1300 N\/mm\u00b2<\/li>\n<li>Verpackt in ABS-Box<\/li>\n<\/ul>\n<p>&nbsp;<\/p>\n","protected":false},"featured_media":5705,"comment_status":"open","ping_status":"closed","template":"","meta":{"_et_pb_use_builder":"","_et_pb_old_content":"","_et_gb_content_width":""},"product_brand":[],"product_cat":[25],"product_tag":[],"class_list":{"0":"post-5704","1":"product","2":"type-product","3":"status-publish","4":"has-post-thumbnail","6":"product_cat-bohrer","8":"first","9":"instock","10":"shipping-taxable","11":"product-type-simple"},"_links":{"self":[{"href":"https:\/\/normex-werkzeuge.de\/de\/wp-json\/wp\/v2\/product\/5704","targetHints":{"allow":["GET"]}}],"collection":[{"href":"https:\/\/normex-werkzeuge.de\/de\/wp-json\/wp\/v2\/product"}],"about":[{"href":"https:\/\/normex-werkzeuge.de\/de\/wp-json\/wp\/v2\/types\/product"}],"replies":[{"embeddable":true,"href":"https:\/\/normex-werkzeuge.de\/de\/wp-json\/wp\/v2\/comments?post=5704"}],"wp:featuredmedia":[{"embeddable":true,"href":"https:\/\/normex-werkzeuge.de\/de\/wp-json\/wp\/v2\/media\/5705"}],"wp:attachment":[{"href":"https:\/\/normex-werkzeuge.de\/de\/wp-json\/wp\/v2\/media?parent=5704"}],"wp:term":[{"taxonomy":"product_brand","embeddable":true,"href":"https:\/\/normex-werkzeuge.de\/de\/wp-json\/wp\/v2\/product_brand?post=5704"},{"taxonomy":"product_cat","embeddable":true,"href":"https:\/\/normex-werkzeuge.de\/de\/wp-json\/wp\/v2\/product_cat?post=5704"},{"taxonomy":"product_tag","embeddable":true,"href":"https:\/\/normex-werkzeuge.de\/de\/wp-json\/wp\/v2\/product_tag?post=5704"}],"curies":[{"name":"wp","href":"https:\/\/api.w.org\/{rel}","templated":true}]}}