{"id":3614,"date":"2023-11-17T09:46:39","date_gmt":"2023-11-17T08:46:39","guid":{"rendered":"https:\/\/normex-werkzeuge.de\/de\/?post_type=product&#038;p=3614"},"modified":"2023-11-17T09:46:39","modified_gmt":"2023-11-17T08:46:39","slug":"innensechskant-t-profil-quergriff-winkelschluesselsatz-16-teilig","status":"publish","type":"product","link":"https:\/\/normex-werkzeuge.de\/de\/produkt\/innensechskant-t-profil-quergriff-winkelschluesselsatz-16-teilig\/","title":{"rendered":"Innensechskant- &#038; T-Profil-Quergriff-Winkelschl\u00fcsselsatz | 16-teilig"},"content":{"rendered":"","protected":false},"excerpt":{"rendered":"<p><strong>Gr\u00f6\u00dfen:<\/strong><\/p>\n<p><strong>Innensechkant:<\/strong><br \/>\nSW 2,0 x 75 mm<br \/>\nSW 2,5 x 75 mm<br \/>\nSW 3,0 x 75 mm<br \/>\nSW 4,0 x 100 mm<br \/>\nSW 5,0 x 150 mm<br \/>\nSW 6,0 x 150 mm<br \/>\nSW 8,0 x 200 mm<br \/>\nSW 10,0 x 200 mm<\/p>\n<p><strong>T-Profil:<\/strong><br \/>\nT10 x 75 mm<br \/>\nT15 x 75 mm<br \/>\nT20 x 75 mm<br \/>\nT25 x 100 mm<br \/>\nT30 x 150 mm<br \/>\nT40 x 150 mm<br \/>\nT45 x 200 mm<br \/>\nT50 x 200 mm<\/p>\n<p><strong>Technische Daten:<br \/>\n<\/strong><\/p>\n<ul>\n<li>Werkstatt- und Industriequalit\u00e4t<\/li>\n<li>Hergestellt aus Chrom-Vanadium-Stahl<\/li>\n<li>Verchromte Klingen<\/li>\n<li>Sechskant-Winkelschl\u00fcssel mit Kugelkopf<\/li>\n<li>TX-Winkelschl\u00fcssel mit Stirnlochbohrung<\/li>\n<li>Extra lange Ausf\u00fchrung<\/li>\n<li>Mit 2-komponentigen T-Griffen<\/li>\n<li>Im Kunststoffkoffer<\/li>\n<\/ul>\n","protected":false},"featured_media":3615,"comment_status":"open","ping_status":"closed","template":"","meta":{"_et_pb_use_builder":"","_et_pb_old_content":"","_et_gb_content_width":""},"product_brand":[],"product_cat":[55],"product_tag":[],"class_list":{"0":"post-3614","1":"product","2":"type-product","3":"status-publish","4":"has-post-thumbnail","6":"product_cat-winkelschluessel","8":"first","9":"instock","10":"shipping-taxable","11":"product-type-simple"},"_links":{"self":[{"href":"https:\/\/normex-werkzeuge.de\/de\/wp-json\/wp\/v2\/product\/3614","targetHints":{"allow":["GET"]}}],"collection":[{"href":"https:\/\/normex-werkzeuge.de\/de\/wp-json\/wp\/v2\/product"}],"about":[{"href":"https:\/\/normex-werkzeuge.de\/de\/wp-json\/wp\/v2\/types\/product"}],"replies":[{"embeddable":true,"href":"https:\/\/normex-werkzeuge.de\/de\/wp-json\/wp\/v2\/comments?post=3614"}],"wp:featuredmedia":[{"embeddable":true,"href":"https:\/\/normex-werkzeuge.de\/de\/wp-json\/wp\/v2\/media\/3615"}],"wp:attachment":[{"href":"https:\/\/normex-werkzeuge.de\/de\/wp-json\/wp\/v2\/media?parent=3614"}],"wp:term":[{"taxonomy":"product_brand","embeddable":true,"href":"https:\/\/normex-werkzeuge.de\/de\/wp-json\/wp\/v2\/product_brand?post=3614"},{"taxonomy":"product_cat","embeddable":true,"href":"https:\/\/normex-werkzeuge.de\/de\/wp-json\/wp\/v2\/product_cat?post=3614"},{"taxonomy":"product_tag","embeddable":true,"href":"https:\/\/normex-werkzeuge.de\/de\/wp-json\/wp\/v2\/product_tag?post=3614"}],"curies":[{"name":"wp","href":"https:\/\/api.w.org\/{rel}","templated":true}]}}