{"id":3585,"date":"2023-11-16T13:40:10","date_gmt":"2023-11-16T12:40:10","guid":{"rendered":"https:\/\/normex-werkzeuge.de\/de\/?post_type=product&#038;p=3585"},"modified":"2024-03-25T16:23:01","modified_gmt":"2024-03-25T15:23:01","slug":"innensechskant-biteinsaetze-1-2-antrieb-sw-7-9-mm-4-teilig","status":"publish","type":"product","link":"https:\/\/normex-werkzeuge.de\/de\/produkt\/innensechskant-biteinsaetze-1-2-antrieb-sw-7-9-mm-4-teilig\/","title":{"rendered":"Innensechskant-Biteins\u00e4tze | 1\/2&#8243; Antrieb | SW 7 + 9 mm | 4-teilig"},"content":{"rendered":"<p>Innensechskant-Biteins\u00e4tze, in den Schl\u00fcsselweiten 7 und 9 mm, finden Sie in keiner konventionellen Satzzusammenstellung. Diese Gr\u00f6\u00dfen werden fast ausschlie\u00dflich f\u00fcr die Verschraubung von Bremss\u00e4tteln, beziehungsweise zur Bet\u00e4tigung von Bremssattel-F\u00fchrungsbolzen verwendet. F\u00fcr diesen Anwendungsfall sind Sie dann allerdings unverzichtbar.<\/p>\n<p><strong>Anwendungsbeiche:<\/strong><\/p>\n<p><strong>7 mm:<\/strong><br \/>\nBMW 3 (E36), 5, Ford Mondeo, Fiesta, Alfa Romeo, Vauxhall, Volkswagen, SAAB, Chrysler, BMW MINI uvm.<\/p>\n<p><strong>9 mm:<\/strong><br \/>\nMERCEDES-BENZ M-Klasse (Typ 164) und R-Klasse (Typ 251), BMW X5 Bj.\u00a02009 (E70), X6 Bj.\u00a02008 (E71), Jaguar XF<\/p>\n","protected":false},"excerpt":{"rendered":"<p><strong>Schl\u00fcsselweiten:<\/strong><br \/>\nSW 7 x 55 mm<br \/>\nSW 7 x 100 mm<br \/>\nSW 9 x 55 mm<br \/>\nSW 9 x 100 mm<\/p>\n<p>&nbsp;<\/p>\n<p><strong>Technische Daten:<\/strong><\/p>\n<table style=\"width: 246px;\">\n<tbody>\n<tr>\n<td style=\"width: 73.05px;\">Profil:<\/td>\n<td style=\"width: 156.95px;\">Innensechskant<\/td>\n<\/tr>\n<tr>\n<td style=\"width: 73.05px;\">Antrieb:<\/td>\n<td style=\"width: 156.95px;\">Vierkant 1\/2\u2033 \/ 12,5 mm<\/td>\n<\/tr>\n<tr>\n<td style=\"width: 73.05px;\">Material:<\/td>\n<td style=\"width: 156.95px;\">SNCM-V-Stahl<\/td>\n<\/tr>\n<\/tbody>\n<\/table>\n<p>&nbsp;<\/p>\n<ul>\n<li>Mit Aufnahme f\u00fcr Sicherungsstift und Gummiring<\/li>\n<li>Bit aus SNCM-V und Aufnahme aus Chrom-Vanadium<\/li>\n<li>Optimal f\u00fcr Bremsf\u00fchrungsbolzen und andere Spezialanwendungen<\/li>\n<\/ul>\n","protected":false},"featured_media":3366,"comment_status":"open","ping_status":"closed","template":"","meta":{"_et_pb_use_builder":"","_et_pb_old_content":"","_et_gb_content_width":""},"product_brand":[],"product_cat":[60,42,36],"product_tag":[],"class_list":{"0":"post-3585","1":"product","2":"type-product","3":"status-publish","4":"has-post-thumbnail","6":"product_cat-biteinsaetze","7":"product_cat-bremsendienst","8":"product_cat-steckschluessel","10":"first","11":"instock","12":"shipping-taxable","13":"product-type-simple"},"_links":{"self":[{"href":"https:\/\/normex-werkzeuge.de\/de\/wp-json\/wp\/v2\/product\/3585","targetHints":{"allow":["GET"]}}],"collection":[{"href":"https:\/\/normex-werkzeuge.de\/de\/wp-json\/wp\/v2\/product"}],"about":[{"href":"https:\/\/normex-werkzeuge.de\/de\/wp-json\/wp\/v2\/types\/product"}],"replies":[{"embeddable":true,"href":"https:\/\/normex-werkzeuge.de\/de\/wp-json\/wp\/v2\/comments?post=3585"}],"wp:featuredmedia":[{"embeddable":true,"href":"https:\/\/normex-werkzeuge.de\/de\/wp-json\/wp\/v2\/media\/3366"}],"wp:attachment":[{"href":"https:\/\/normex-werkzeuge.de\/de\/wp-json\/wp\/v2\/media?parent=3585"}],"wp:term":[{"taxonomy":"product_brand","embeddable":true,"href":"https:\/\/normex-werkzeuge.de\/de\/wp-json\/wp\/v2\/product_brand?post=3585"},{"taxonomy":"product_cat","embeddable":true,"href":"https:\/\/normex-werkzeuge.de\/de\/wp-json\/wp\/v2\/product_cat?post=3585"},{"taxonomy":"product_tag","embeddable":true,"href":"https:\/\/normex-werkzeuge.de\/de\/wp-json\/wp\/v2\/product_tag?post=3585"}],"curies":[{"name":"wp","href":"https:\/\/api.w.org\/{rel}","templated":true}]}}