{"id":3222,"date":"2023-11-12T10:46:35","date_gmt":"2023-11-12T09:46:35","guid":{"rendered":"https:\/\/normex-werkzeuge.de\/de\/?post_type=product&#038;p=3222"},"modified":"2024-03-25T14:58:39","modified_gmt":"2024-03-25T13:58:39","slug":"hahnenfussschluessel-satz-1-2-antrieb-sw-10-50-mm-32-teilig","status":"publish","type":"product","link":"https:\/\/normex-werkzeuge.de\/de\/produkt\/hahnenfussschluessel-satz-1-2-antrieb-sw-10-50-mm-32-teilig\/","title":{"rendered":"Hahnenfu\u00dfschl\u00fcssel-Satz | 1\/2&#8243; Antrieb | SW 10 &#8211; 50 mm | 32-teilig"},"content":{"rendered":"<p>&#8222;Rundgedrehte&#8220; \u00dcberwurf- und Verbindungsmuttern, z.B. von Hydraulikleitungen, sind besonders \u00e4rgerlich, da der Austausch sehr aufw\u00e4ndig und kostenintensiv ist.<\/p>\n<p>Konventionelle Maulschl\u00fcssel setzen nur auf zwei Seiten des Sechskantprofils an, wodurch das Profil schnell verschlei\u00dft.<br \/>\nHahnenfu\u00dfschl\u00fcssel haben hingegen Kontakt zu allen sechs Kanten des Profils und verhindern so dessen Besch\u00e4digung.<\/p>\n<p><img loading=\"lazy\" decoding=\"async\" class=\"alignnone size-medium wp-image-5805\" src=\"https:\/\/normex-werkzeuge.de\/de\/wp-content\/uploads\/2023\/11\/hahnenfuss_vs_maulschluessel-300x113.jpg\" alt=\"\" width=\"300\" height=\"113\" srcset=\"https:\/\/normex-werkzeuge.de\/de\/wp-content\/uploads\/2023\/11\/hahnenfuss_vs_maulschluessel-300x113.jpg 300w, https:\/\/normex-werkzeuge.de\/de\/wp-content\/uploads\/2023\/11\/hahnenfuss_vs_maulschluessel.jpg 463w\" sizes=\"(max-width: 300px) 100vw, 300px\" \/><\/p>\n<p>Das scharfkantig ausgefr\u00e4ste Schraubprofil greift selbst an Sechskant-Schrauben mit besonders flachem Kopf.<\/p>\n<p>Mit dem Gelenkgriff, den mitgelieferten Adaptern und Verl\u00e4ngerungen, ist der Hahnenfu\u00dfschl\u00fcssel-Satz, f\u00fcr Verschraubungen an schwer erreichbaren Stellen, die richtige Wahl. Ebenfalls lassen sich die Eins\u00e4tze nat\u00fcrlich auch durch andere Werkzeuge mit Vierkantantrieb (z.B. Drehmomentschl\u00fcssel, Ratsche, Gleitgriff) bet\u00e4tigen.<\/p>\n<p>Der 32-teilige Satz enth\u00e4lt die Hahnenfu\u00dfschl\u00fcssel aller g\u00e4ngigen Gr\u00f6\u00dfen von Schl\u00fcsselweite 10 mm bis 50 mm, mit dem jeweils geeigneten Vierkantantrieb. Die enthaltenen Adapter erm\u00f6glichen den Einsatz des beiliegenden Gelenkhebels mit allen Hahnenfu\u00dfschl\u00fcsseln des Satzes.<\/p>\n","protected":false},"excerpt":{"rendered":"<p><strong>Inhalt:<\/strong><\/p>\n<p>Hahnenfu\u00dfschl\u00fcssel<br \/>\n3\/8&#8243; Antrieb, Schl\u00fcsselweiten:<br \/>\n10 \/ 11 \/ 12 \/ 13 \/ 14 \/ 15 \/ 16 \/ 17 \/ 18 \/ 19 mm<br \/>\n1\/2&#8243; Antrieb, Schl\u00fcsselweiten:<br \/>\n20 \/ 21 \/ 22 \/ 23 \/ 24 \/ 25 \/ 26 \/ 27 \/ 28 \/ 30 \/ 32 \/ 33 \/ 36 mm<br \/>\n3\/4&#8243; Antrieb, Schl\u00fcsselweiten:<br \/>\n38 \/ 41 \/ 46 \/ 50 mm<\/p>\n<p>Gelenkgriff 385 mm<\/p>\n<p>Verl\u00e4ngerungen:<br \/>\n1\/2&#8243; x 125 mm<br \/>\n3\/4&#8243; x 100 mm<\/p>\n<p>Adapter:<br \/>\n1\/2&#8243; Innenvierkant auf 3\/8&#8243; Au\u00dfenvierkant<br \/>\n1\/2&#8243; Innenvierkant auf 3\/8&#8243; Au\u00dfenvierkant<\/p>\n<p>&nbsp;<\/p>\n<p><strong>Technische Daten:<br \/>\n<\/strong><\/p>\n<ul>\n<li>Hergestellt aus Chrom-Molybd\u00e4n-Stahl<\/li>\n<li>Gelenkhebel und Verl\u00e4ngerung aus Chrom-Vanadium<\/li>\n<li>Optimal f\u00fcr \u00dcberwurfmuttern, Leitungs- und Rohrverschraubungen<\/li>\n<\/ul>\n","protected":false},"featured_media":3226,"comment_status":"open","ping_status":"closed","template":"","meta":{"_et_pb_use_builder":"","_et_pb_old_content":"","_et_gb_content_width":""},"product_brand":[],"product_cat":[56],"product_tag":[],"class_list":{"0":"post-3222","1":"product","2":"type-product","3":"status-publish","4":"has-post-thumbnail","6":"product_cat-hahnenfussschluessel","8":"first","9":"instock","10":"shipping-taxable","11":"product-type-simple"},"_links":{"self":[{"href":"https:\/\/normex-werkzeuge.de\/de\/wp-json\/wp\/v2\/product\/3222","targetHints":{"allow":["GET"]}}],"collection":[{"href":"https:\/\/normex-werkzeuge.de\/de\/wp-json\/wp\/v2\/product"}],"about":[{"href":"https:\/\/normex-werkzeuge.de\/de\/wp-json\/wp\/v2\/types\/product"}],"replies":[{"embeddable":true,"href":"https:\/\/normex-werkzeuge.de\/de\/wp-json\/wp\/v2\/comments?post=3222"}],"wp:featuredmedia":[{"embeddable":true,"href":"https:\/\/normex-werkzeuge.de\/de\/wp-json\/wp\/v2\/media\/3226"}],"wp:attachment":[{"href":"https:\/\/normex-werkzeuge.de\/de\/wp-json\/wp\/v2\/media?parent=3222"}],"wp:term":[{"taxonomy":"product_brand","embeddable":true,"href":"https:\/\/normex-werkzeuge.de\/de\/wp-json\/wp\/v2\/product_brand?post=3222"},{"taxonomy":"product_cat","embeddable":true,"href":"https:\/\/normex-werkzeuge.de\/de\/wp-json\/wp\/v2\/product_cat?post=3222"},{"taxonomy":"product_tag","embeddable":true,"href":"https:\/\/normex-werkzeuge.de\/de\/wp-json\/wp\/v2\/product_tag?post=3222"}],"curies":[{"name":"wp","href":"https:\/\/api.w.org\/{rel}","templated":true}]}}