{"id":1991,"date":"2023-10-08T20:48:49","date_gmt":"2023-10-08T18:48:49","guid":{"rendered":"https:\/\/normex-werkzeuge.de\/de\/produkt\/hydraulischer-abziehersatz-10-tonnen-kapazitaet\/"},"modified":"2023-12-06T15:04:04","modified_gmt":"2023-12-06T14:04:04","slug":"hydraulischer-abziehersatz-10-tonnen-kapazitaet","status":"publish","type":"product","link":"https:\/\/normex-werkzeuge.de\/de\/produkt\/hydraulischer-abziehersatz-10-tonnen-kapazitaet\/","title":{"rendered":"Hydraulischer Abziehersatz | 10t"},"content":{"rendered":"","protected":false},"excerpt":{"rendered":"<p><strong>Inhalt:<\/strong><br \/>\nFeingewinde-Hydraulikspindel 10t<br \/>\nZentrierdorn f\u00fcr Hydraulikspindel<br \/>\nVerl\u00e4ngerungsadapter f\u00fcr Zentrierdorn in L\u00e4nge 35 mm und 85 mm<br \/>\nTraverse 2-armig<br \/>\nTraverse 3-armig<br \/>\nJe 3 Abzughaken in einer L\u00e4nge von 100 mm, 150 mm und 200 mm<br \/>\n1 Satz Trennmesser \u00d8 20 &#8211; 105 mm<br \/>\nGleittraverse f\u00fcr Trennmesser<br \/>\nJe 2 Distanzstangen f\u00fcr Trennmesser in L\u00e4nge 185 mm und 235 mm<\/p>\n<p><strong>Anwendungsbereiche:<\/strong><br \/>\nUniversell einsetzbar f\u00fcr anfallende Abzug- und Trennarbeiten.<\/p>\n<p>&nbsp;<\/p>\n","protected":false},"featured_media":1591,"comment_status":"open","ping_status":"closed","template":"","meta":{"_et_pb_use_builder":"","_et_pb_old_content":"","_et_gb_content_width":""},"product_brand":[],"product_cat":[34],"product_tag":[],"class_list":{"0":"post-1991","1":"product","2":"type-product","3":"status-publish","4":"has-post-thumbnail","6":"product_cat-abzieher","8":"first","9":"instock","10":"shipping-taxable","11":"product-type-simple"},"_links":{"self":[{"href":"https:\/\/normex-werkzeuge.de\/de\/wp-json\/wp\/v2\/product\/1991","targetHints":{"allow":["GET"]}}],"collection":[{"href":"https:\/\/normex-werkzeuge.de\/de\/wp-json\/wp\/v2\/product"}],"about":[{"href":"https:\/\/normex-werkzeuge.de\/de\/wp-json\/wp\/v2\/types\/product"}],"replies":[{"embeddable":true,"href":"https:\/\/normex-werkzeuge.de\/de\/wp-json\/wp\/v2\/comments?post=1991"}],"wp:featuredmedia":[{"embeddable":true,"href":"https:\/\/normex-werkzeuge.de\/de\/wp-json\/wp\/v2\/media\/1591"}],"wp:attachment":[{"href":"https:\/\/normex-werkzeuge.de\/de\/wp-json\/wp\/v2\/media?parent=1991"}],"wp:term":[{"taxonomy":"product_brand","embeddable":true,"href":"https:\/\/normex-werkzeuge.de\/de\/wp-json\/wp\/v2\/product_brand?post=1991"},{"taxonomy":"product_cat","embeddable":true,"href":"https:\/\/normex-werkzeuge.de\/de\/wp-json\/wp\/v2\/product_cat?post=1991"},{"taxonomy":"product_tag","embeddable":true,"href":"https:\/\/normex-werkzeuge.de\/de\/wp-json\/wp\/v2\/product_tag?post=1991"}],"curies":[{"name":"wp","href":"https:\/\/api.w.org\/{rel}","templated":true}]}}