{"id":1967,"date":"2023-10-08T20:48:25","date_gmt":"2023-10-08T18:48:25","guid":{"rendered":"https:\/\/normex-werkzeuge.de\/de\/produkt\/profi-kompakt-leitungsboerdelgeraet-din-convex-475-mm-sae-convex-3-16\/"},"modified":"2023-11-27T14:07:50","modified_gmt":"2023-11-27T13:07:50","slug":"profi-kompakt-leitungsboerdelgeraet-din-convex-475-mm-sae-convex-3-16","status":"publish","type":"product","link":"https:\/\/normex-werkzeuge.de\/de\/produkt\/profi-kompakt-leitungsboerdelgeraet-din-convex-475-mm-sae-convex-3-16\/","title":{"rendered":"Profi-Kompakt-Leitungsb\u00f6rdelger\u00e4t DIN CONVEX 4,75 mm + SAE CONVEX 3\/16"},"content":{"rendered":"","protected":false},"excerpt":{"rendered":"<p><strong>Anwendung:<\/strong><\/p>\n<p>Mit dem Kompakt-B\u00f6rdelger\u00e4t lassen sich Leitungen schnell und bequem, direkt am Fahrzeug, b\u00f6rdeln. Einfach den passenden B\u00f6rdelaufsatz an der Leitung befestigen, B\u00f6rdelschraube eindrehen &#8211; herausdrehen &#8211; fertig!<\/p>\n<p><strong>Technische Daten:<br \/>\n<\/strong><\/p>\n<ul>\n<li>DIN CONVEX 4,75 mm B\u00f6rdel<\/li>\n<li>SAE DOPPEL 3\/16&#8243; B\u00f6rdel<\/li>\n<li>Einfache und schnell, direkt am Fahrzeug<\/li>\n<li>Besonders kompakt, besonders geeignet f\u00fcr enge Bereiche<\/li>\n<li>mit Anpass-Schraube f\u00fcr nicht einsehbare Bereiche<\/li>\n<li>inkl. Bedienungsanleitung<\/li>\n<\/ul>\n","protected":false},"featured_media":1564,"comment_status":"open","ping_status":"closed","template":"","meta":{"_et_pb_use_builder":"","_et_pb_old_content":"","_et_gb_content_width":""},"product_brand":[],"product_cat":[42,23],"product_tag":[],"class_list":{"0":"post-1967","1":"product","2":"type-product","3":"status-publish","4":"has-post-thumbnail","6":"product_cat-bremsendienst","7":"product_cat-kfz-spezialwerkzeuge","9":"first","10":"instock","11":"shipping-taxable","12":"product-type-simple"},"_links":{"self":[{"href":"https:\/\/normex-werkzeuge.de\/de\/wp-json\/wp\/v2\/product\/1967","targetHints":{"allow":["GET"]}}],"collection":[{"href":"https:\/\/normex-werkzeuge.de\/de\/wp-json\/wp\/v2\/product"}],"about":[{"href":"https:\/\/normex-werkzeuge.de\/de\/wp-json\/wp\/v2\/types\/product"}],"replies":[{"embeddable":true,"href":"https:\/\/normex-werkzeuge.de\/de\/wp-json\/wp\/v2\/comments?post=1967"}],"wp:featuredmedia":[{"embeddable":true,"href":"https:\/\/normex-werkzeuge.de\/de\/wp-json\/wp\/v2\/media\/1564"}],"wp:attachment":[{"href":"https:\/\/normex-werkzeuge.de\/de\/wp-json\/wp\/v2\/media?parent=1967"}],"wp:term":[{"taxonomy":"product_brand","embeddable":true,"href":"https:\/\/normex-werkzeuge.de\/de\/wp-json\/wp\/v2\/product_brand?post=1967"},{"taxonomy":"product_cat","embeddable":true,"href":"https:\/\/normex-werkzeuge.de\/de\/wp-json\/wp\/v2\/product_cat?post=1967"},{"taxonomy":"product_tag","embeddable":true,"href":"https:\/\/normex-werkzeuge.de\/de\/wp-json\/wp\/v2\/product_tag?post=1967"}],"curies":[{"name":"wp","href":"https:\/\/api.w.org\/{rel}","templated":true}]}}