{"id":1966,"date":"2023-10-08T20:48:25","date_gmt":"2023-10-08T18:48:25","guid":{"rendered":"https:\/\/normex-werkzeuge.de\/de\/produkt\/werkstatt-boerdelgeraet-professionelle-ausfuehrung\/"},"modified":"2023-11-27T14:10:23","modified_gmt":"2023-11-27T13:10:23","slug":"werkstatt-boerdelgeraet-professionelle-ausfuehrung","status":"publish","type":"product","link":"https:\/\/normex-werkzeuge.de\/de\/produkt\/werkstatt-boerdelgeraet-professionelle-ausfuehrung\/","title":{"rendered":"Werkstatt-B\u00f6rdelger\u00e4t professionelle Ausf\u00fchrung"},"content":{"rendered":"","protected":false},"excerpt":{"rendered":"<p><strong>Technische Daten:<\/strong><\/p>\n<ul>\n<li>mit 3 Mundst\u00fccks\u00e4tzen nach DIN: 4,75 \/ 5 \/6 mm<\/li>\n<li>f\u00fcr Innen- und Aussenb\u00f6rdelung<\/li>\n<\/ul>\n<p><strong>Anwendungsbereiche:<\/strong><br \/>\nF\u00fcr Brems- und Hydraulikleitungen aus Stahl, Kupfer, Messing und\u00a0Aluminium.<\/p>\n","protected":false},"featured_media":1562,"comment_status":"open","ping_status":"closed","template":"","meta":{"_et_pb_use_builder":"","_et_pb_old_content":"","_et_gb_content_width":""},"product_brand":[],"product_cat":[42,23],"product_tag":[],"class_list":{"0":"post-1966","1":"product","2":"type-product","3":"status-publish","4":"has-post-thumbnail","6":"product_cat-bremsendienst","7":"product_cat-kfz-spezialwerkzeuge","9":"first","10":"instock","11":"shipping-taxable","12":"product-type-simple"},"_links":{"self":[{"href":"https:\/\/normex-werkzeuge.de\/de\/wp-json\/wp\/v2\/product\/1966","targetHints":{"allow":["GET"]}}],"collection":[{"href":"https:\/\/normex-werkzeuge.de\/de\/wp-json\/wp\/v2\/product"}],"about":[{"href":"https:\/\/normex-werkzeuge.de\/de\/wp-json\/wp\/v2\/types\/product"}],"replies":[{"embeddable":true,"href":"https:\/\/normex-werkzeuge.de\/de\/wp-json\/wp\/v2\/comments?post=1966"}],"wp:featuredmedia":[{"embeddable":true,"href":"https:\/\/normex-werkzeuge.de\/de\/wp-json\/wp\/v2\/media\/1562"}],"wp:attachment":[{"href":"https:\/\/normex-werkzeuge.de\/de\/wp-json\/wp\/v2\/media?parent=1966"}],"wp:term":[{"taxonomy":"product_brand","embeddable":true,"href":"https:\/\/normex-werkzeuge.de\/de\/wp-json\/wp\/v2\/product_brand?post=1966"},{"taxonomy":"product_cat","embeddable":true,"href":"https:\/\/normex-werkzeuge.de\/de\/wp-json\/wp\/v2\/product_cat?post=1966"},{"taxonomy":"product_tag","embeddable":true,"href":"https:\/\/normex-werkzeuge.de\/de\/wp-json\/wp\/v2\/product_tag?post=1966"}],"curies":[{"name":"wp","href":"https:\/\/api.w.org\/{rel}","templated":true}]}}