{"id":1965,"date":"2023-10-08T20:48:25","date_gmt":"2023-10-08T18:48:25","guid":{"rendered":"https:\/\/normex-werkzeuge.de\/de\/produkt\/spreizwerkzeug-fuer-bremskolben\/"},"modified":"2023-11-27T13:58:44","modified_gmt":"2023-11-27T12:58:44","slug":"spreizwerkzeug-fuer-bremskolben","status":"publish","type":"product","link":"https:\/\/normex-werkzeuge.de\/de\/produkt\/spreizwerkzeug-fuer-bremskolben\/","title":{"rendered":"Spreizwerkzeug f\u00fcr Bremskolben"},"content":{"rendered":"","protected":false},"excerpt":{"rendered":"<p><strong>Technische Daten:<br \/>\n<\/strong><\/p>\n<ul>\n<li>Mit Ratschenfunktion<\/li>\n<li>Zum R\u00fccksetzen von Einfach-, Doppel und Vierfachbremskolben<\/li>\n<li>Spannweite: 40-68 mm<\/li>\n<li>Die Pressplatten gew\u00e4hrleisten einen gleichm\u00e4\u00dfigen Druck auf alle<br \/>\nBremskolben<\/li>\n<li>Kann bei vielen Fahrzeugen auch ohne Demontage des Bremssattels eingesetzt werden<\/li>\n<\/ul>\n","protected":false},"featured_media":1561,"comment_status":"open","ping_status":"closed","template":"","meta":{"_et_pb_use_builder":"","_et_pb_old_content":"","_et_gb_content_width":""},"product_brand":[],"product_cat":[42,23],"product_tag":[],"class_list":{"0":"post-1965","1":"product","2":"type-product","3":"status-publish","4":"has-post-thumbnail","6":"product_cat-bremsendienst","7":"product_cat-kfz-spezialwerkzeuge","9":"first","10":"instock","11":"shipping-taxable","12":"product-type-simple"},"_links":{"self":[{"href":"https:\/\/normex-werkzeuge.de\/de\/wp-json\/wp\/v2\/product\/1965","targetHints":{"allow":["GET"]}}],"collection":[{"href":"https:\/\/normex-werkzeuge.de\/de\/wp-json\/wp\/v2\/product"}],"about":[{"href":"https:\/\/normex-werkzeuge.de\/de\/wp-json\/wp\/v2\/types\/product"}],"replies":[{"embeddable":true,"href":"https:\/\/normex-werkzeuge.de\/de\/wp-json\/wp\/v2\/comments?post=1965"}],"wp:featuredmedia":[{"embeddable":true,"href":"https:\/\/normex-werkzeuge.de\/de\/wp-json\/wp\/v2\/media\/1561"}],"wp:attachment":[{"href":"https:\/\/normex-werkzeuge.de\/de\/wp-json\/wp\/v2\/media?parent=1965"}],"wp:term":[{"taxonomy":"product_brand","embeddable":true,"href":"https:\/\/normex-werkzeuge.de\/de\/wp-json\/wp\/v2\/product_brand?post=1965"},{"taxonomy":"product_cat","embeddable":true,"href":"https:\/\/normex-werkzeuge.de\/de\/wp-json\/wp\/v2\/product_cat?post=1965"},{"taxonomy":"product_tag","embeddable":true,"href":"https:\/\/normex-werkzeuge.de\/de\/wp-json\/wp\/v2\/product_tag?post=1965"}],"curies":[{"name":"wp","href":"https:\/\/api.w.org\/{rel}","templated":true}]}}