{"id":1940,"date":"2023-10-08T20:48:14","date_gmt":"2023-10-08T18:48:14","guid":{"rendered":"https:\/\/normex-werkzeuge.de\/de\/produkt\/vielzahl-biteinsaetze-8-tlg\/"},"modified":"2024-05-06T12:57:21","modified_gmt":"2024-05-06T10:57:21","slug":"vielzahl-biteinsaetze-8-tlg","status":"publish","type":"product","link":"https:\/\/normex-werkzeuge.de\/de\/produkt\/vielzahl-biteinsaetze-8-tlg\/","title":{"rendered":"Vielzahl-Biteins\u00e4tze | M4 &#8211; M16 | 8-teilig"},"content":{"rendered":"","protected":false},"excerpt":{"rendered":"<p><strong>Gr\u00f6\u00dfen:<\/strong><br \/>\n1\/4&#8243; Antrieb (6,3 mm): M4 \/ M5 \/ M6 x 38 mm<br \/>\n3\/8&#8243; Antrieb (10 mm): M8 \/ M10 \/ M12 x 50 mm<br \/>\n1\/2&#8243; Antrieb (12,5 mm): M14 \/ M16 x 55 mm<\/p>\n<p>&nbsp;<\/p>\n<p><strong>Technische Daten:<\/strong><\/p>\n<table style=\"width: 246px;\">\n<tbody>\n<tr>\n<td style=\"width: 73.05px;\">Profil:<\/td>\n<td style=\"width: 156.95px;\">Vielzahn (XZN)<\/td>\n<\/tr>\n<tr>\n<td style=\"width: 73.05px;\">Antrieb:<\/td>\n<td style=\"width: 156.95px;\">Vierkant<\/td>\n<\/tr>\n<tr>\n<td style=\"width: 73.05px;\">Material:<\/td>\n<td style=\"width: 156.95px;\">SNCM-V-Stahl<\/td>\n<\/tr>\n<\/tbody>\n<\/table>\n<p>&nbsp;<\/p>\n<ul>\n<li>Bits aus SNCM-V und Aufnahme aus Chrom-Vanadium-Stahl<\/li>\n<li>Auf Klemmschiene<\/li>\n<\/ul>\n<p>&nbsp;<\/p>\n","protected":false},"featured_media":1539,"comment_status":"open","ping_status":"closed","template":"","meta":{"_et_pb_use_builder":"","_et_pb_old_content":"","_et_gb_content_width":""},"product_brand":[],"product_cat":[60,20,36],"product_tag":[],"class_list":{"0":"post-1940","1":"product","2":"type-product","3":"status-publish","4":"has-post-thumbnail","6":"product_cat-biteinsaetze","7":"product_cat-schraubwerkzeuge","8":"product_cat-steckschluessel","10":"first","11":"instock","12":"shipping-taxable","13":"product-type-simple"},"_links":{"self":[{"href":"https:\/\/normex-werkzeuge.de\/de\/wp-json\/wp\/v2\/product\/1940","targetHints":{"allow":["GET"]}}],"collection":[{"href":"https:\/\/normex-werkzeuge.de\/de\/wp-json\/wp\/v2\/product"}],"about":[{"href":"https:\/\/normex-werkzeuge.de\/de\/wp-json\/wp\/v2\/types\/product"}],"replies":[{"embeddable":true,"href":"https:\/\/normex-werkzeuge.de\/de\/wp-json\/wp\/v2\/comments?post=1940"}],"wp:featuredmedia":[{"embeddable":true,"href":"https:\/\/normex-werkzeuge.de\/de\/wp-json\/wp\/v2\/media\/1539"}],"wp:attachment":[{"href":"https:\/\/normex-werkzeuge.de\/de\/wp-json\/wp\/v2\/media?parent=1940"}],"wp:term":[{"taxonomy":"product_brand","embeddable":true,"href":"https:\/\/normex-werkzeuge.de\/de\/wp-json\/wp\/v2\/product_brand?post=1940"},{"taxonomy":"product_cat","embeddable":true,"href":"https:\/\/normex-werkzeuge.de\/de\/wp-json\/wp\/v2\/product_cat?post=1940"},{"taxonomy":"product_tag","embeddable":true,"href":"https:\/\/normex-werkzeuge.de\/de\/wp-json\/wp\/v2\/product_tag?post=1940"}],"curies":[{"name":"wp","href":"https:\/\/api.w.org\/{rel}","templated":true}]}}