{"id":1939,"date":"2023-10-08T20:48:13","date_gmt":"2023-10-08T18:48:13","guid":{"rendered":"https:\/\/normex-werkzeuge.de\/de\/produkt\/tx-biteinsaetze-extra-kurze-ausfuehrung-10-tlg\/"},"modified":"2023-11-30T12:55:15","modified_gmt":"2023-11-30T11:55:15","slug":"tx-biteinsaetze-extra-kurze-ausfuehrung-10-tlg","status":"publish","type":"product","link":"https:\/\/normex-werkzeuge.de\/de\/produkt\/tx-biteinsaetze-extra-kurze-ausfuehrung-10-tlg\/","title":{"rendered":"T-Profil-Kraft-Biteins\u00e4tze | TX 10 &#8211; 50 | Extra Kurze Ausf\u00fchrung | 10-teilig"},"content":{"rendered":"","protected":false},"excerpt":{"rendered":"<p><strong>Best\u00fcckung:<\/strong><\/p>\n<table style=\"width: 312px;\">\n<tbody>\n<tr>\n<td style=\"width: 118.367px;\">Antrieb:<\/td>\n<td style=\"width: 177.633px;\">Vierkant 1\/4&#8243; \/ 6,3 mm<\/td>\n<\/tr>\n<tr>\n<td style=\"width: 118.367px;\">Schl\u00fcsselweiten:<\/td>\n<td style=\"width: 177.633px;\">TX 10 \/ 15 \/ 20 \/ 25 \/ 27 \/ 30<\/td>\n<\/tr>\n<tr>\n<td style=\"width: 118.367px;\">L\u00e4nge:<\/td>\n<td style=\"width: 177.633px;\">20 mm<\/td>\n<\/tr>\n<\/tbody>\n<\/table>\n<p>&nbsp;<\/p>\n<table style=\"width: 296px;\">\n<tbody>\n<tr>\n<td style=\"width: 117.283px;\">Antrieb:<\/td>\n<td style=\"width: 162.717px;\">Vierkant 3\/8&#8243; \/ 10 mm<\/td>\n<\/tr>\n<tr>\n<td style=\"width: 117.283px;\">Schl\u00fcsselweiten:<\/td>\n<td style=\"width: 162.717px;\">TX 40 \/ 45 \/ 47 \/ 50<\/td>\n<\/tr>\n<tr>\n<td style=\"width: 117.283px;\">L\u00e4nge:<\/td>\n<td style=\"width: 162.717px;\">27 mm<\/td>\n<\/tr>\n<\/tbody>\n<\/table>\n<p>&nbsp;<\/p>\n<p><strong>Technische Daten:<\/strong><\/p>\n<table style=\"width: 253px;\">\n<tbody>\n<tr>\n<td style=\"width: 82.35px;\">Profil:<\/td>\n<td style=\"width: 154.65px;\">Innensechskant<\/td>\n<\/tr>\n<tr>\n<td style=\"width: 82.35px;\">Antrieb:<\/td>\n<td style=\"width: 154.65px;\">Vierkant<\/td>\n<\/tr>\n<tr>\n<td style=\"width: 82.35px;\">Material:<\/td>\n<td style=\"width: 154.65px;\">Chrom-Molbd\u00e4n-Stahl<\/td>\n<\/tr>\n<\/tbody>\n<\/table>\n<p>&nbsp;<\/p>\n<ul>\n<li>Phosphatisierte Oberfl\u00e4che<\/li>\n<li>Geeignet f\u00fcr Druckluftschrauber und Handbetrieb<\/li>\n<\/ul>\n","protected":false},"featured_media":1538,"comment_status":"closed","ping_status":"closed","template":"","meta":{"_et_pb_use_builder":"","_et_pb_old_content":"","_et_gb_content_width":""},"product_brand":[],"product_cat":[62,53],"product_tag":[],"class_list":{"0":"post-1939","1":"product","2":"type-product","3":"status-publish","4":"has-post-thumbnail","6":"product_cat-kraft-biteinsaetze","7":"product_cat-kraft-steckschluessel","9":"first","10":"instock","11":"shipping-taxable","12":"product-type-simple"},"_links":{"self":[{"href":"https:\/\/normex-werkzeuge.de\/de\/wp-json\/wp\/v2\/product\/1939","targetHints":{"allow":["GET"]}}],"collection":[{"href":"https:\/\/normex-werkzeuge.de\/de\/wp-json\/wp\/v2\/product"}],"about":[{"href":"https:\/\/normex-werkzeuge.de\/de\/wp-json\/wp\/v2\/types\/product"}],"replies":[{"embeddable":true,"href":"https:\/\/normex-werkzeuge.de\/de\/wp-json\/wp\/v2\/comments?post=1939"}],"wp:featuredmedia":[{"embeddable":true,"href":"https:\/\/normex-werkzeuge.de\/de\/wp-json\/wp\/v2\/media\/1538"}],"wp:attachment":[{"href":"https:\/\/normex-werkzeuge.de\/de\/wp-json\/wp\/v2\/media?parent=1939"}],"wp:term":[{"taxonomy":"product_brand","embeddable":true,"href":"https:\/\/normex-werkzeuge.de\/de\/wp-json\/wp\/v2\/product_brand?post=1939"},{"taxonomy":"product_cat","embeddable":true,"href":"https:\/\/normex-werkzeuge.de\/de\/wp-json\/wp\/v2\/product_cat?post=1939"},{"taxonomy":"product_tag","embeddable":true,"href":"https:\/\/normex-werkzeuge.de\/de\/wp-json\/wp\/v2\/product_tag?post=1939"}],"curies":[{"name":"wp","href":"https:\/\/api.w.org\/{rel}","templated":true}]}}