{"id":1938,"date":"2023-10-08T20:48:13","date_gmt":"2023-10-08T18:48:13","guid":{"rendered":"https:\/\/normex-werkzeuge.de\/de\/produkt\/sechskant-biteinsaetze-extra-kurze-ausfuehrung-9-tlg\/"},"modified":"2023-11-30T12:55:29","modified_gmt":"2023-11-30T11:55:29","slug":"sechskant-biteinsaetze-extra-kurze-ausfuehrung-9-tlg","status":"publish","type":"product","link":"https:\/\/normex-werkzeuge.de\/de\/produkt\/sechskant-biteinsaetze-extra-kurze-ausfuehrung-9-tlg\/","title":{"rendered":"Innensechskant-Kraft-Biteins\u00e4tze | SW 6 &#8211; 19 mm | extra kurze Ausf\u00fchrung | 9-teilig"},"content":{"rendered":"","protected":false},"excerpt":{"rendered":"<p><strong>Best\u00fcckung:<\/strong><\/p>\n<table style=\"width: 333px;\">\n<tbody>\n<tr>\n<td style=\"width: 122.383px;\">Antrieb:<\/td>\n<td style=\"width: 194.617px;\">Vierkant 1\/4&#8243; \/ 6,3 mm<\/td>\n<\/tr>\n<tr>\n<td style=\"width: 122.383px;\">Schl\u00fcsselweiten:<\/td>\n<td style=\"width: 194.617px;\">6 \/ 7 \/ 8 \/ 10 mm<\/td>\n<\/tr>\n<tr>\n<td style=\"width: 122.383px;\">L\u00e4nge:<\/td>\n<td style=\"width: 194.617px;\">20 mm<\/td>\n<\/tr>\n<\/tbody>\n<\/table>\n<p>&nbsp;<\/p>\n<table style=\"width: 347px;\">\n<tbody>\n<tr style=\"height: 23px;\">\n<td style=\"width: 120.5px;\">Antrieb:<\/td>\n<td style=\"width: 210.5px;\">Vierkant 3\/8&#8243; \/ 10 mm<\/td>\n<\/tr>\n<tr style=\"height: 23px;\">\n<td style=\"width: 120.5px;\">Schl\u00fcsselweiten:<\/td>\n<td style=\"width: 210.5px;\">12 \/ 14 \/ 17 \/ 18 \/ 19 mm<\/td>\n<\/tr>\n<tr style=\"height: 31px;\">\n<td style=\"width: 120.5px;\">L\u00e4nge:<\/td>\n<td style=\"width: 210.5px;\">27 mm<\/td>\n<\/tr>\n<\/tbody>\n<\/table>\n<p>&nbsp;<\/p>\n<p><strong>Technische Daten:<\/strong><\/p>\n<table style=\"height: 69px; width: 223px;\">\n<tbody>\n<tr style=\"height: 23px;\">\n<td style=\"height: 23px; width: 63.25px;\">Profil:<\/td>\n<td style=\"height: 23px; width: 143.75px;\">Innensechskant<\/td>\n<\/tr>\n<tr style=\"height: 23px;\">\n<td style=\"height: 23px; width: 63.25px;\">Antrieb:<\/td>\n<td style=\"height: 23px; width: 143.75px;\">Vierkant<\/td>\n<\/tr>\n<tr style=\"height: 23px;\">\n<td style=\"height: 23px; width: 63.25px;\">Material:<\/td>\n<td style=\"height: 23px; width: 143.75px;\">Chrom-Molbd\u00e4n-Stahl<\/td>\n<\/tr>\n<\/tbody>\n<\/table>\n<p>&nbsp;<\/p>\n<ul>\n<li>Phosphatisierte Oberfl\u00e4che<\/li>\n<li>Geeignet f\u00fcr Druckluftschrauber und Handbetrieb<\/li>\n<\/ul>\n","protected":false},"featured_media":1537,"comment_status":"open","ping_status":"closed","template":"","meta":{"_et_pb_use_builder":"","_et_pb_old_content":"","_et_gb_content_width":""},"product_brand":[],"product_cat":[62,53],"product_tag":[],"class_list":{"0":"post-1938","1":"product","2":"type-product","3":"status-publish","4":"has-post-thumbnail","6":"product_cat-kraft-biteinsaetze","7":"product_cat-kraft-steckschluessel","9":"first","10":"instock","11":"shipping-taxable","12":"product-type-simple"},"_links":{"self":[{"href":"https:\/\/normex-werkzeuge.de\/de\/wp-json\/wp\/v2\/product\/1938","targetHints":{"allow":["GET"]}}],"collection":[{"href":"https:\/\/normex-werkzeuge.de\/de\/wp-json\/wp\/v2\/product"}],"about":[{"href":"https:\/\/normex-werkzeuge.de\/de\/wp-json\/wp\/v2\/types\/product"}],"replies":[{"embeddable":true,"href":"https:\/\/normex-werkzeuge.de\/de\/wp-json\/wp\/v2\/comments?post=1938"}],"wp:featuredmedia":[{"embeddable":true,"href":"https:\/\/normex-werkzeuge.de\/de\/wp-json\/wp\/v2\/media\/1537"}],"wp:attachment":[{"href":"https:\/\/normex-werkzeuge.de\/de\/wp-json\/wp\/v2\/media?parent=1938"}],"wp:term":[{"taxonomy":"product_brand","embeddable":true,"href":"https:\/\/normex-werkzeuge.de\/de\/wp-json\/wp\/v2\/product_brand?post=1938"},{"taxonomy":"product_cat","embeddable":true,"href":"https:\/\/normex-werkzeuge.de\/de\/wp-json\/wp\/v2\/product_cat?post=1938"},{"taxonomy":"product_tag","embeddable":true,"href":"https:\/\/normex-werkzeuge.de\/de\/wp-json\/wp\/v2\/product_tag?post=1938"}],"curies":[{"name":"wp","href":"https:\/\/api.w.org\/{rel}","templated":true}]}}