{"id":1933,"date":"2023-10-08T20:48:11","date_gmt":"2023-10-08T18:48:11","guid":{"rendered":"https:\/\/normex-werkzeuge.de\/de\/produkt\/innenraum-verkleidungswerkzeug-satz-11-teilig\/"},"modified":"2023-10-11T09:42:19","modified_gmt":"2023-10-11T07:42:19","slug":"innenraum-verkleidungswerkzeug-satz-11-teilig","status":"publish","type":"product","link":"https:\/\/normex-werkzeuge.de\/de\/produkt\/innenraum-verkleidungswerkzeug-satz-11-teilig\/","title":{"rendered":"Innenraum-Verkleidungswerkzeug-Satz 11-teilig"},"content":{"rendered":"","protected":false},"excerpt":{"rendered":"<p>Einsetzbar zur Demontage von Innenraumverkleidungen, R\u00fcckspiegelgl\u00e4sern, Zierleisten, zum L\u00f6sen von Clips, zur Beseitigung von Kleber-R\u00fcckst\u00e4nden nach Ausbeularbeiten, zur Entfernung alter Gummidichtungen usw.  <\/p>\n<ul>\n<li>Aus glasfaserverst\u00e4rktem Kunststoff<\/li>\n<li>Optimal f\u00fcr schwer erreichbare Stellen<\/li>\n<li>In Gewebetasche<\/li>\n<\/ul>\n","protected":false},"featured_media":1530,"comment_status":"open","ping_status":"closed","template":"","meta":{"_et_pb_use_builder":"","_et_pb_old_content":"","_et_gb_content_width":""},"product_brand":[],"product_cat":[46,23],"product_tag":[],"class_list":{"0":"post-1933","1":"product","2":"type-product","3":"status-publish","4":"has-post-thumbnail","6":"product_cat-kfz-elektrik","7":"product_cat-kfz-spezialwerkzeuge","9":"first","10":"instock","11":"shipping-taxable","12":"product-type-simple"},"_links":{"self":[{"href":"https:\/\/normex-werkzeuge.de\/de\/wp-json\/wp\/v2\/product\/1933","targetHints":{"allow":["GET"]}}],"collection":[{"href":"https:\/\/normex-werkzeuge.de\/de\/wp-json\/wp\/v2\/product"}],"about":[{"href":"https:\/\/normex-werkzeuge.de\/de\/wp-json\/wp\/v2\/types\/product"}],"replies":[{"embeddable":true,"href":"https:\/\/normex-werkzeuge.de\/de\/wp-json\/wp\/v2\/comments?post=1933"}],"wp:featuredmedia":[{"embeddable":true,"href":"https:\/\/normex-werkzeuge.de\/de\/wp-json\/wp\/v2\/media\/1530"}],"wp:attachment":[{"href":"https:\/\/normex-werkzeuge.de\/de\/wp-json\/wp\/v2\/media?parent=1933"}],"wp:term":[{"taxonomy":"product_brand","embeddable":true,"href":"https:\/\/normex-werkzeuge.de\/de\/wp-json\/wp\/v2\/product_brand?post=1933"},{"taxonomy":"product_cat","embeddable":true,"href":"https:\/\/normex-werkzeuge.de\/de\/wp-json\/wp\/v2\/product_cat?post=1933"},{"taxonomy":"product_tag","embeddable":true,"href":"https:\/\/normex-werkzeuge.de\/de\/wp-json\/wp\/v2\/product_tag?post=1933"}],"curies":[{"name":"wp","href":"https:\/\/api.w.org\/{rel}","templated":true}]}}