{"id":1929,"date":"2023-10-08T20:48:10","date_gmt":"2023-10-08T18:48:10","guid":{"rendered":"https:\/\/normex-werkzeuge.de\/de\/produkt\/tx-spezialsatz-52-tlg-tx-tx-mit-bohrung-tx-plus-e-profil\/"},"modified":"2023-11-23T14:37:33","modified_gmt":"2023-11-23T13:37:33","slug":"tx-spezialsatz-52-tlg-tx-tx-mit-bohrung-tx-plus-e-profil","status":"publish","type":"product","link":"https:\/\/normex-werkzeuge.de\/de\/produkt\/tx-spezialsatz-52-tlg-tx-tx-mit-bohrung-tx-plus-e-profil\/","title":{"rendered":"T-Profil Master Set | T-Profil | T-Profil mit Bohrung | TP-Profil | E-Profil | 52-teilig"},"content":{"rendered":"","protected":false},"excerpt":{"rendered":"<p><strong>Best\u00fcckung:<br \/>\n<\/strong>Biteins\u00e4tze, T-Profil (f\u00fcr Torx)<br \/>\n1\/4&#8243; Antrieb (6,3 mm):\u00a0 T6 \/ T8 \/ T10 \/ T15 \/ T20 \/ T25 \/ T27 \/ T30<br \/>\n3\/8&#8243; Antrieb (10 mm):\u00a0 T40 \/ T45 \/ T47 \/ T50 \/ T55<br \/>\n1\/2&#8243; Antrieb (12,5 mm): T60 \/ T70<\/p>\n<p>Biteins\u00e4tze, T-Profil mit Bohrung (f\u00fcr Torx BO)<br \/>\n1\/4&#8243; Antrieb (6,3 mm):\u00a0 T8 \/ T10 \/ T15 \/ T20 \/ T25 \/ T27 \/ T30<br \/>\n3\/8&#8243; Antrieb (10 mm):\u00a0 T40 \/ T45 \/ T50 \/ T55<br \/>\n1\/2&#8243; Antrieb (12,5 mm): T60<\/p>\n<p>Biteins\u00e4tze, TP-Profil (f\u00fcr Torx Plus)<br \/>\n1\/4&#8243; Antrieb (6,3 mm):\u00a0 TP8 \/ TP10 \/ TP15 \/ TP20 \/ TP25 \/ TP27 \/ TP30<br \/>\n3\/8&#8243; Antrieb (10 mm):\u00a0 TP40 \/ TP45 \/ TP50 \/ TP55<br \/>\n1\/2&#8243; Antrieb (12,5 mm): TP60<\/p>\n<p>Steckschl\u00fcsseleins\u00e4tze, E-Profil (f\u00fcr External Torx)<br \/>\n1\/4&#8243; Antrieb (6,3 mm):\u00a0 E4 \/ E5 \/ E6 \/ E7 \/ E8<br \/>\n3\/8&#8243; Antrieb (10 mm):\u00a0 E10 \/ E12 \/ E14 \/ E16<br \/>\n1\/2&#8243; Antrieb (12,5 mm): E18 \/ E20 \/ E22 \/ E24<\/p>\n<p><strong>Technische Daten:<\/strong><\/p>\n<ul>\n<li>Bitklingen aus S2-Stahl<\/li>\n<li>Aufnahmesch\u00e4fte und E-Profil-Eins\u00e4tze aus Chrom-Vanadium-Stahl<\/li>\n<li>Sortiert in Kunststoffkassette<\/li>\n<\/ul>\n","protected":false},"featured_media":1525,"comment_status":"open","ping_status":"closed","template":"","meta":{"_et_pb_use_builder":"","_et_pb_old_content":"","_et_gb_content_width":""},"product_brand":[],"product_cat":[60,20,36],"product_tag":[],"class_list":{"0":"post-1929","1":"product","2":"type-product","3":"status-publish","4":"has-post-thumbnail","6":"product_cat-biteinsaetze","7":"product_cat-schraubwerkzeuge","8":"product_cat-steckschluessel","10":"first","11":"instock","12":"shipping-taxable","13":"product-type-simple"},"_links":{"self":[{"href":"https:\/\/normex-werkzeuge.de\/de\/wp-json\/wp\/v2\/product\/1929","targetHints":{"allow":["GET"]}}],"collection":[{"href":"https:\/\/normex-werkzeuge.de\/de\/wp-json\/wp\/v2\/product"}],"about":[{"href":"https:\/\/normex-werkzeuge.de\/de\/wp-json\/wp\/v2\/types\/product"}],"replies":[{"embeddable":true,"href":"https:\/\/normex-werkzeuge.de\/de\/wp-json\/wp\/v2\/comments?post=1929"}],"wp:featuredmedia":[{"embeddable":true,"href":"https:\/\/normex-werkzeuge.de\/de\/wp-json\/wp\/v2\/media\/1525"}],"wp:attachment":[{"href":"https:\/\/normex-werkzeuge.de\/de\/wp-json\/wp\/v2\/media?parent=1929"}],"wp:term":[{"taxonomy":"product_brand","embeddable":true,"href":"https:\/\/normex-werkzeuge.de\/de\/wp-json\/wp\/v2\/product_brand?post=1929"},{"taxonomy":"product_cat","embeddable":true,"href":"https:\/\/normex-werkzeuge.de\/de\/wp-json\/wp\/v2\/product_cat?post=1929"},{"taxonomy":"product_tag","embeddable":true,"href":"https:\/\/normex-werkzeuge.de\/de\/wp-json\/wp\/v2\/product_tag?post=1929"}],"curies":[{"name":"wp","href":"https:\/\/api.w.org\/{rel}","templated":true}]}}