{"id":1914,"date":"2023-10-08T20:48:05","date_gmt":"2023-10-08T18:48:05","guid":{"rendered":"https:\/\/normex-werkzeuge.de\/de\/produkt\/fahrrad-drehmomentschluesselsatz-1-4-zoll-antrieb-2-24-nm\/"},"modified":"2024-03-11T15:11:20","modified_gmt":"2024-03-11T14:11:20","slug":"fahrrad-drehmomentschluesselsatz-1-4-zoll-antrieb-2-24-nm","status":"publish","type":"product","link":"https:\/\/normex-werkzeuge.de\/de\/produkt\/fahrrad-drehmomentschluesselsatz-1-4-zoll-antrieb-2-24-nm\/","title":{"rendered":"Fahrrad-Drehmomentschl\u00fcsselsatz | 1\/4&#8243; Antrieb | 2 &#8211; 24 Nm | 11-teilig"},"content":{"rendered":"","protected":false},"excerpt":{"rendered":"<p><strong>Best\u00fcckung:<\/strong><br \/>\nDrehmomentschl\u00fcssel, 1\/4&#8243; Antrieb, Messbereich:\u00a0 2-24 Nm<\/p>\n<p>Biteins\u00e4tze 38 mm lang:<br \/>\nInnensechskant:\u00a0 SW 3 \/ 4 \/ 5 \/ 6 \/ 8 \/ 10 mm<br \/>\nT-Profil:\u00a0 T20 \/ T25 \/ T30<\/p>\n<p>Biteinsatz 85 mm lang:<br \/>\nInnensechskant: SW 5<\/p>\n<p>&nbsp;<\/p>\n<p><strong>Anwendungsbereiche:<\/strong><\/p>\n<ul>\n<li>F\u00fcr den kontrollierten Schraubenanzug, um Besch\u00e4digungen an Werkst\u00fcck und Schraube zu vermeiden und eine sichere Schraubverbindung zu gew\u00e4hrleisten<\/li>\n<li>Optimal f\u00fcr s\u00e4mtliche Verschraubungen von Fahrradkomponenten (von Sattel bis zum Lenkervorbau), f\u00fcr die Montage von KFZ-Gep\u00e4cktr\u00e4gern, verchromten Anbauteilen, bruchempfindlichen Kunststoffteilen uvm.<\/li>\n<\/ul>\n<p>&nbsp;<\/p>\n<p><strong>Technische Daten:<br \/>\n<\/strong><\/p>\n<ul>\n<li>Im Messbereich von 2 &#8211; 24 Nm in 0,5 Nm-Schritten einstellbar<\/li>\n<li>Antrieb: 1\/4&#8243; Vierkant (6,3 mm)<\/li>\n<li>Abweichungstoleranz: +\/- 4%<\/li>\n<li>Kalibrierzertifikat gem\u00e4\u00df DIN-ISO 6789 mit Seriennummer<\/li>\n<li>Inklusive 10 St\u00fcck der g\u00e4ngigsten Steckschl\u00fcssel-Bits f\u00fcr Verschraubungen am Fahrrad, hergestellt aus S2-Stahl.<\/li>\n<\/ul>\n","protected":false},"featured_media":1510,"comment_status":"open","ping_status":"closed","template":"","meta":{"_et_pb_use_builder":"","_et_pb_old_content":"","_et_gb_content_width":""},"product_brand":[],"product_cat":[21],"product_tag":[],"class_list":{"0":"post-1914","1":"product","2":"type-product","3":"status-publish","4":"has-post-thumbnail","6":"product_cat-drehmomentschluessel","8":"first","9":"instock","10":"shipping-taxable","11":"product-type-simple"},"_links":{"self":[{"href":"https:\/\/normex-werkzeuge.de\/de\/wp-json\/wp\/v2\/product\/1914","targetHints":{"allow":["GET"]}}],"collection":[{"href":"https:\/\/normex-werkzeuge.de\/de\/wp-json\/wp\/v2\/product"}],"about":[{"href":"https:\/\/normex-werkzeuge.de\/de\/wp-json\/wp\/v2\/types\/product"}],"replies":[{"embeddable":true,"href":"https:\/\/normex-werkzeuge.de\/de\/wp-json\/wp\/v2\/comments?post=1914"}],"wp:featuredmedia":[{"embeddable":true,"href":"https:\/\/normex-werkzeuge.de\/de\/wp-json\/wp\/v2\/media\/1510"}],"wp:attachment":[{"href":"https:\/\/normex-werkzeuge.de\/de\/wp-json\/wp\/v2\/media?parent=1914"}],"wp:term":[{"taxonomy":"product_brand","embeddable":true,"href":"https:\/\/normex-werkzeuge.de\/de\/wp-json\/wp\/v2\/product_brand?post=1914"},{"taxonomy":"product_cat","embeddable":true,"href":"https:\/\/normex-werkzeuge.de\/de\/wp-json\/wp\/v2\/product_cat?post=1914"},{"taxonomy":"product_tag","embeddable":true,"href":"https:\/\/normex-werkzeuge.de\/de\/wp-json\/wp\/v2\/product_tag?post=1914"}],"curies":[{"name":"wp","href":"https:\/\/api.w.org\/{rel}","templated":true}]}}