{"id":1857,"date":"2023-10-08T20:47:13","date_gmt":"2023-10-08T18:47:13","guid":{"rendered":"https:\/\/normex-werkzeuge.de\/de\/produkt\/profi-steckschluesselsatz-1-4-zoll-antrieb-47-tlg\/"},"modified":"2024-03-27T15:19:56","modified_gmt":"2024-03-27T14:19:56","slug":"profi-steckschluesselsatz-1-4-zoll-antrieb-47-tlg","status":"publish","type":"product","link":"https:\/\/normex-werkzeuge.de\/de\/produkt\/profi-steckschluesselsatz-1-4-zoll-antrieb-47-tlg\/","title":{"rendered":"Profi-Steckschl\u00fcsselsatz | 1\/4&#8243; Antrieb | SW 4 &#8211; 14 mm | 47-teilig"},"content":{"rendered":"<p>Der 47-teilige Steckschl\u00fcsselsatz enth\u00e4lt ein umfangreiches Angebot an Steckschl\u00fcsseln und Biteins\u00e4tzen sowie entsprechende Verl\u00e4ngerungen, ein Kardangelenk und diverse Antriebswerkzeuge mit 1\/4&#8243; Vierkantantrieb.<\/p>\n<p>Die Umschaltknarre verf\u00fcgt \u00fcber eine 45er Kraftverzahnung. Kombiniert mit einer aus einem Teil gefertigten Sperrklinke, ist die Ratsche besonders robust und eignet sich f\u00fcr schwerg\u00e4ngige Verschraubungen in engen Bereichen<\/p>\n<p><img loading=\"lazy\" decoding=\"async\" class=\"alignnone wp-image-5816\" src=\"https:\/\/normex-werkzeuge.de\/de\/wp-content\/uploads\/2023\/10\/21-100_8.jpg\" alt=\"\" width=\"222\" height=\"137\" \/><\/p>\n<p>Alle Au\u00dfensechskant-Steckschl\u00fcsseleins\u00e4tze sind mit einem &#8222;Super-Lock-Profil&#8220; ausgestattet. Dieses Profil setzt ausschlie\u00dflich auf den Kanten einer Sechskantschraube auf und schont dadurch die Ecken vor Verschlei\u00df.<\/p>\n<p><img loading=\"lazy\" decoding=\"async\" class=\"alignnone wp-image-5818\" src=\"https:\/\/normex-werkzeuge.de\/de\/wp-content\/uploads\/2023\/10\/superlock2024.jpg\" alt=\"\" width=\"145\" height=\"144\" srcset=\"https:\/\/normex-werkzeuge.de\/de\/wp-content\/uploads\/2023\/10\/superlock2024.jpg 160w, https:\/\/normex-werkzeuge.de\/de\/wp-content\/uploads\/2023\/10\/superlock2024-150x150.jpg 150w, https:\/\/normex-werkzeuge.de\/de\/wp-content\/uploads\/2023\/10\/superlock2024-100x100.jpg 100w\" sizes=\"(max-width: 145px) 100vw, 145px\" \/><\/p>\n<p>Die Biteins\u00e4tze sind besonders kurz und somit optimal f\u00fcr den Einsatz in engen Bereichen geeignet.<br \/>\nAlle Werkzeuge sind aus hochwertigem Chrom-Vanadium-Stahl gefertigt, geh\u00e4rtet und zum Korrosionsschutz verchromt.<\/p>\n","protected":false},"excerpt":{"rendered":"<p><strong>Best\u00fcckung:<\/strong><br \/>\nSteckschl\u00fcsseleins\u00e4tze, L\u00e4nge 25 mm:<br \/>\nSW 4 \/ 4,5 \/ 5 \/ 5,5 \/ 6 \/ 7 \/ 8 \/ 9 \/ 10 \/ 11 \/ 12 \/ 13 \/ 14 mm<\/p>\n<p>Steckschl\u00fcsseleins\u00e4tze L\u00e4nge 50 mm:<br \/>\nSW 6 \/ 7 \/ 8 \/ 9 \/ 10 mm<\/p>\n<p>Biteins\u00e4tze, L\u00e4nge 25 mm:<br \/>\nInnensechskant: SW 3 \/ 4 \/ 5 \/ 6 \/ 8 \/ 10 mm<br \/>\nKreuzschlitz PH: 1 \/ 2<br \/>\nKreuzschlitz PZ: 1 \/ 2<br \/>\nT-Profil: T10 \/ T15 \/ T20 \/ T25 \/ T30 \/ T40<br \/>\nSchlitz: 4 \/ 5,5 \/ 7 mm<\/p>\n<p>Umschaltknarre 1\/4&#8243; Antrieb<br \/>\nVerl\u00e4ngerungen: 50 mm \/ 150 mm<br \/>\nKardangelenk<br \/>\nGleitgriff<br \/>\nFlexible Verl\u00e4ngerung: 150 mm<br \/>\nSchraubendreheradapter<br \/>\nStiftschl\u00fcssel: 1,5\u00a0\/ 2\u00a0\/ 2,5 mm<\/p>\n<p>&nbsp;<\/p>\n<p><strong>Technische Daten:<br \/>\n<\/strong><\/p>\n<table style=\"width: 246px;\">\n<tbody>\n<tr>\n<td style=\"width: 65.3px;\">Profil:<\/td>\n<td style=\"width: 164.7px;\">Sechskant \/ Super-Lock<\/td>\n<\/tr>\n<tr>\n<td style=\"width: 65.3px;\">Antrieb:<\/td>\n<td style=\"width: 164.7px;\">Vierkant 1\/4&#8243; \/ 6,3 mm<\/td>\n<\/tr>\n<tr>\n<td style=\"width: 65.3px;\">Material:<\/td>\n<td style=\"width: 164.7px;\">Chrom-Vanadium-Stahl<\/td>\n<\/tr>\n<\/tbody>\n<\/table>\n<p>&nbsp;<\/p>\n<ul>\n<li>Steckschl\u00fcsseleins\u00e4tze mit &#8222;Super-Lock&#8220;-Profil (h\u00f6here Kraft\u00fcbertragung + Schonung des Schraubenprofils)<\/li>\n<li>Extra kurze Biteins\u00e4tze, optimal f\u00fcr enge Bereiche<\/li>\n<li>Knarre mit &#8222;Quick-release&#8220; und 45er Kraftverzahnung<\/li>\n<li>Oberfl\u00e4che matt verchromt<\/li>\n<\/ul>\n<p>&nbsp;<\/p>\n","protected":false},"featured_media":5832,"comment_status":"closed","ping_status":"closed","template":"","meta":{"_et_pb_use_builder":"","_et_pb_old_content":"","_et_gb_content_width":""},"product_brand":[],"product_cat":[20,36,57],"product_tag":[],"class_list":{"0":"post-1857","1":"product","2":"type-product","3":"status-publish","4":"has-post-thumbnail","6":"product_cat-schraubwerkzeuge","7":"product_cat-steckschluessel","8":"product_cat-steckschluesselsaetze","10":"first","11":"instock","12":"shipping-taxable","13":"product-type-simple"},"_links":{"self":[{"href":"https:\/\/normex-werkzeuge.de\/de\/wp-json\/wp\/v2\/product\/1857","targetHints":{"allow":["GET"]}}],"collection":[{"href":"https:\/\/normex-werkzeuge.de\/de\/wp-json\/wp\/v2\/product"}],"about":[{"href":"https:\/\/normex-werkzeuge.de\/de\/wp-json\/wp\/v2\/types\/product"}],"replies":[{"embeddable":true,"href":"https:\/\/normex-werkzeuge.de\/de\/wp-json\/wp\/v2\/comments?post=1857"}],"wp:featuredmedia":[{"embeddable":true,"href":"https:\/\/normex-werkzeuge.de\/de\/wp-json\/wp\/v2\/media\/5832"}],"wp:attachment":[{"href":"https:\/\/normex-werkzeuge.de\/de\/wp-json\/wp\/v2\/media?parent=1857"}],"wp:term":[{"taxonomy":"product_brand","embeddable":true,"href":"https:\/\/normex-werkzeuge.de\/de\/wp-json\/wp\/v2\/product_brand?post=1857"},{"taxonomy":"product_cat","embeddable":true,"href":"https:\/\/normex-werkzeuge.de\/de\/wp-json\/wp\/v2\/product_cat?post=1857"},{"taxonomy":"product_tag","embeddable":true,"href":"https:\/\/normex-werkzeuge.de\/de\/wp-json\/wp\/v2\/product_tag?post=1857"}],"curies":[{"name":"wp","href":"https:\/\/api.w.org\/{rel}","templated":true}]}}