{"id":1851,"date":"2023-10-08T20:46:55","date_gmt":"2023-10-08T18:46:55","guid":{"rendered":"https:\/\/normex-werkzeuge.de\/de\/produkt\/oel-einfuelltrichter-mit-bajonettadapter\/"},"modified":"2023-11-24T11:59:24","modified_gmt":"2023-11-24T10:59:24","slug":"oel-einfuelltrichter-mit-bajonettadapter","status":"publish","type":"product","link":"https:\/\/normex-werkzeuge.de\/de\/produkt\/oel-einfuelltrichter-mit-bajonettadapter\/","title":{"rendered":"\u00d6l-Einf\u00fclltrichter mit Bajonettadapter"},"content":{"rendered":"","protected":false},"excerpt":{"rendered":"<p><strong>Best\u00fcckung:<\/strong><br \/>\nZweiteiliges Set: Bajonettadapter mit einsetzbarem Einf\u00fclltrichter (2 Liter Volumen)<\/p>\n<p><strong>Anwendung:<br \/>\n<\/strong><\/p>\n<ul>\n<li>Zum sauberen und schnellen Einf\u00fcllen von Motor\u00f6len, ohne Verschmutzung des Auspuffkr\u00fcmmers oder Motorblocks<\/li>\n<li>Optimal zum Bef\u00fcllen aus gro\u00dfen \u00d6lkanistern, da der Trichter fest montiert wird, wodurch beide H\u00e4nde zum Bef\u00fcllen frei sind<\/li>\n<li>Universell einsetzbar bei s\u00e4mtlichen Modellen mit Bajonettverschluss am Motor\u00f6ltank, wie VOLKSWAGEN, SKODA, SEAT, BMW, MERCEDES, VOLVO, PORSCHE uvm.<\/li>\n<\/ul>\n","protected":false},"featured_media":1448,"comment_status":"closed","ping_status":"closed","template":"","meta":{"_et_pb_use_builder":"","_et_pb_old_content":"","_et_gb_content_width":""},"product_brand":[],"product_cat":[23,45],"product_tag":[],"class_list":{"0":"post-1851","1":"product","2":"type-product","3":"status-publish","4":"has-post-thumbnail","6":"product_cat-kfz-spezialwerkzeuge","7":"product_cat-oeldienst","9":"first","10":"instock","11":"shipping-taxable","12":"product-type-simple"},"_links":{"self":[{"href":"https:\/\/normex-werkzeuge.de\/de\/wp-json\/wp\/v2\/product\/1851","targetHints":{"allow":["GET"]}}],"collection":[{"href":"https:\/\/normex-werkzeuge.de\/de\/wp-json\/wp\/v2\/product"}],"about":[{"href":"https:\/\/normex-werkzeuge.de\/de\/wp-json\/wp\/v2\/types\/product"}],"replies":[{"embeddable":true,"href":"https:\/\/normex-werkzeuge.de\/de\/wp-json\/wp\/v2\/comments?post=1851"}],"wp:featuredmedia":[{"embeddable":true,"href":"https:\/\/normex-werkzeuge.de\/de\/wp-json\/wp\/v2\/media\/1448"}],"wp:attachment":[{"href":"https:\/\/normex-werkzeuge.de\/de\/wp-json\/wp\/v2\/media?parent=1851"}],"wp:term":[{"taxonomy":"product_brand","embeddable":true,"href":"https:\/\/normex-werkzeuge.de\/de\/wp-json\/wp\/v2\/product_brand?post=1851"},{"taxonomy":"product_cat","embeddable":true,"href":"https:\/\/normex-werkzeuge.de\/de\/wp-json\/wp\/v2\/product_cat?post=1851"},{"taxonomy":"product_tag","embeddable":true,"href":"https:\/\/normex-werkzeuge.de\/de\/wp-json\/wp\/v2\/product_tag?post=1851"}],"curies":[{"name":"wp","href":"https:\/\/api.w.org\/{rel}","templated":true}]}}