{"id":1849,"date":"2023-10-08T20:46:55","date_gmt":"2023-10-08T18:46:55","guid":{"rendered":"https:\/\/normex-werkzeuge.de\/de\/produkt\/durchgangstuellen-und-blindstopfen-125-tlg\/"},"modified":"2023-12-13T13:28:46","modified_gmt":"2023-12-13T12:28:46","slug":"durchgangstuellen-und-blindstopfen-125-tlg","status":"publish","type":"product","link":"https:\/\/normex-werkzeuge.de\/de\/produkt\/durchgangstuellen-und-blindstopfen-125-tlg\/","title":{"rendered":"Durchgangst\u00fcllen- und Blindstopfen-Sortiment | 125-teilig"},"content":{"rendered":"","protected":false},"excerpt":{"rendered":"<p><strong>Inhalt:<\/strong><br \/>\nGummi-Durchgangst\u00fcllen:<br \/>\n\u00d8 innen = 3,18 mm | Bohrung: 6,35 mm | \u00d8 au\u00dfen: 10,00 mm &#8211; 15 St\u00fcck<br \/>\n\u00d8 innen = 5,57 mm | Bohrung: 7,94 mm | \u00d8 au\u00dfen: 10,00 mm &#8211; 10 St\u00fcck<br \/>\n\u00d8 innen = 7,14 mm | Bohrung: 12,70 mm | \u00d8 au\u00dfen: 14,00 mm &#8211; 7 St\u00fcck<br \/>\n\u00d8 innen = 7,94 mm | Bohrung: 14,29 mm | \u00d8 au\u00dfen: 19,00 mm &#8211; 3 St\u00fcck<br \/>\n\u00d8 innen = 9,53 mm | Bohrung: 11,91 mm | \u00d8 au\u00dfen: 16,00 mm &#8211; 6 St\u00fcck<br \/>\n\u00d8 innen = 9,53 mm | Bohrung: 12,70 mm | \u00d8 au\u00dfen: 16,00 mm &#8211; 5 St\u00fcck<br \/>\n\u00d8 innen = 9,53 mm | Bohrung: 20,64 mm | \u00d8 au\u00dfen: 25,00 mm &#8211; 3 St\u00fcck<br \/>\n\u00d8 innen = 12,70 mm | Bohrung: 15,08 mm | \u00d8 au\u00dfen: 16,00 mm &#8211; 6 St\u00fcck<br \/>\n\u00d8 innen = 11,11 mm | Bohrung: 19,05 mm | \u00d8 au\u00dfen: 25,00 mm &#8211; 4 St\u00fcck<br \/>\n\u00d8 innen = 15,88 mm | Bohrung: 24,61 mm | \u00d8 au\u00dfen: 29,00 mm &#8211; 3 St\u00fcck<br \/>\n\u00d8 innen = 19,05 mm | Bohrung: 23,81 mm | \u00d8 au\u00dfen: 34,00 mm &#8211; 2 St\u00fcck<\/p>\n<p>Gummi-Blindstopfen:<br \/>\nBohrung: 7,14 mm | \u00d8 au\u00dfen: 10,00 mm &#8211; 20 St\u00fcck<br \/>\nBohrung: 9,53 mm | \u00d8 au\u00dfen: 12,00 mm &#8211; 20 St\u00fcck<br \/>\nBohrung: 12,07 mm | \u00d8 au\u00dfen: 16,00 mm &#8211; 10 St\u00fcck<br \/>\nBohrung: 15,88 mm | \u00d8 au\u00dfen: 20,00 mm &#8211; 5 St\u00fcck<br \/>\nBohrung: 19,05 mm | \u00d8 au\u00dfen: 21,00 mm &#8211; 4 St\u00fcck<br \/>\nBohrung: 22,23 mm | \u00d8 au\u00dfen: 29,00 mm &#8211; 3 St\u00fcck<br \/>\nBohrung: 25,40 mm | \u00d8 au\u00dfen: 34,00 mm &#8211; 2 St\u00fcck<\/p>\n<p><strong>Technische Daten:<\/strong><\/p>\n<ul>\n<li>Sortiert in Kunststoff-Kassette<\/li>\n<\/ul>\n<p>&nbsp;<\/p>\n","protected":false},"featured_media":1445,"comment_status":"closed","ping_status":"closed","template":"","meta":{"_et_pb_use_builder":"","_et_pb_old_content":"","_et_gb_content_width":""},"product_brand":[],"product_cat":[31],"product_tag":[],"class_list":{"0":"post-1849","1":"product","2":"type-product","3":"status-publish","4":"has-post-thumbnail","6":"product_cat-kleinteilsortimente","8":"first","9":"instock","10":"shipping-taxable","11":"product-type-simple"},"_links":{"self":[{"href":"https:\/\/normex-werkzeuge.de\/de\/wp-json\/wp\/v2\/product\/1849","targetHints":{"allow":["GET"]}}],"collection":[{"href":"https:\/\/normex-werkzeuge.de\/de\/wp-json\/wp\/v2\/product"}],"about":[{"href":"https:\/\/normex-werkzeuge.de\/de\/wp-json\/wp\/v2\/types\/product"}],"replies":[{"embeddable":true,"href":"https:\/\/normex-werkzeuge.de\/de\/wp-json\/wp\/v2\/comments?post=1849"}],"wp:featuredmedia":[{"embeddable":true,"href":"https:\/\/normex-werkzeuge.de\/de\/wp-json\/wp\/v2\/media\/1445"}],"wp:attachment":[{"href":"https:\/\/normex-werkzeuge.de\/de\/wp-json\/wp\/v2\/media?parent=1849"}],"wp:term":[{"taxonomy":"product_brand","embeddable":true,"href":"https:\/\/normex-werkzeuge.de\/de\/wp-json\/wp\/v2\/product_brand?post=1849"},{"taxonomy":"product_cat","embeddable":true,"href":"https:\/\/normex-werkzeuge.de\/de\/wp-json\/wp\/v2\/product_cat?post=1849"},{"taxonomy":"product_tag","embeddable":true,"href":"https:\/\/normex-werkzeuge.de\/de\/wp-json\/wp\/v2\/product_tag?post=1849"}],"curies":[{"name":"wp","href":"https:\/\/api.w.org\/{rel}","templated":true}]}}