{"id":1831,"date":"2023-10-08T20:46:48","date_gmt":"2023-10-08T18:46:48","guid":{"rendered":"https:\/\/normex-werkzeuge.de\/de\/produkt\/karrosserieklemmen-sortiment-170-tlg\/"},"modified":"2023-12-12T15:11:49","modified_gmt":"2023-12-12T14:11:49","slug":"karrosserieklemmen-sortiment-170-tlg","status":"publish","type":"product","link":"https:\/\/normex-werkzeuge.de\/de\/produkt\/karrosserieklemmen-sortiment-170-tlg\/","title":{"rendered":"Karosserie-Blechmuttern-Sortiment | 170-teilig"},"content":{"rendered":"","protected":false},"excerpt":{"rendered":"<p><strong>Inhalt:<\/strong><br \/>\nKarosserieklemmen:<br \/>\n85 St\u00fcck in verschiedenen Gr\u00f6\u00dfen<\/p>\n<p>Schrauben:<br \/>\n3 x 8 mm &#8211; 40 St\u00fcck<br \/>\n4 x 16 mm &#8211; 20 St\u00fcck<br \/>\n5 x 12 mm &#8211; 15 St\u00fcck<br \/>\n6 x 20 mm &#8211; 10 St\u00fcck<\/p>\n","protected":false},"featured_media":1419,"comment_status":"closed","ping_status":"closed","template":"","meta":{"_et_pb_use_builder":"","_et_pb_old_content":"","_et_gb_content_width":""},"product_brand":[],"product_cat":[31],"product_tag":[],"class_list":{"0":"post-1831","1":"product","2":"type-product","3":"status-publish","4":"has-post-thumbnail","6":"product_cat-kleinteilsortimente","8":"first","9":"instock","10":"shipping-taxable","11":"product-type-simple"},"_links":{"self":[{"href":"https:\/\/normex-werkzeuge.de\/de\/wp-json\/wp\/v2\/product\/1831","targetHints":{"allow":["GET"]}}],"collection":[{"href":"https:\/\/normex-werkzeuge.de\/de\/wp-json\/wp\/v2\/product"}],"about":[{"href":"https:\/\/normex-werkzeuge.de\/de\/wp-json\/wp\/v2\/types\/product"}],"replies":[{"embeddable":true,"href":"https:\/\/normex-werkzeuge.de\/de\/wp-json\/wp\/v2\/comments?post=1831"}],"wp:featuredmedia":[{"embeddable":true,"href":"https:\/\/normex-werkzeuge.de\/de\/wp-json\/wp\/v2\/media\/1419"}],"wp:attachment":[{"href":"https:\/\/normex-werkzeuge.de\/de\/wp-json\/wp\/v2\/media?parent=1831"}],"wp:term":[{"taxonomy":"product_brand","embeddable":true,"href":"https:\/\/normex-werkzeuge.de\/de\/wp-json\/wp\/v2\/product_brand?post=1831"},{"taxonomy":"product_cat","embeddable":true,"href":"https:\/\/normex-werkzeuge.de\/de\/wp-json\/wp\/v2\/product_cat?post=1831"},{"taxonomy":"product_tag","embeddable":true,"href":"https:\/\/normex-werkzeuge.de\/de\/wp-json\/wp\/v2\/product_tag?post=1831"}],"curies":[{"name":"wp","href":"https:\/\/api.w.org\/{rel}","templated":true}]}}