{"id":1827,"date":"2023-10-08T20:46:47","date_gmt":"2023-10-08T18:46:47","guid":{"rendered":"https:\/\/normex-werkzeuge.de\/de\/produkt\/durchgangstuellen-sortiment-110-tlg\/"},"modified":"2023-12-13T12:06:12","modified_gmt":"2023-12-13T11:06:12","slug":"durchgangstuellen-sortiment-110-tlg","status":"publish","type":"product","link":"https:\/\/normex-werkzeuge.de\/de\/produkt\/durchgangstuellen-sortiment-110-tlg\/","title":{"rendered":"Gummi-Durchgangst\u00fcllen-Sortiment | 110-teilig"},"content":{"rendered":"","protected":false},"excerpt":{"rendered":"<p><strong>Inhalt:<\/strong><br \/>\n\u00d8 innen: 2,5 mm | Bohrung: 6,3 mm | \u00d8 au\u00dfen: 8,4 mm &#8211; 25 St\u00fcck<br \/>\n\u00d8 innen: 4,7 mm | Bohrung: 7,9 mm | \u00d8 au\u00dfen:10,3 mm &#8211; 20 St\u00fcck<br \/>\n\u00d8 innen: 6,1 mm | Bohrung: 9,5 mm | \u00d8 au\u00dfen: 13,5 mm &#8211; 20 St\u00fcck<br \/>\n\u00d8 innen: 8,5 mm | Bohrung: 11,0 mm | \u00d8 au\u00dfen: 15,0 mm &#8211; 20 St\u00fcck<br \/>\n\u00d8 innen: 10,6 mm | Bohrung: 12,7 mm | \u00d8 au\u00dfen: 15,4 mm &#8211; 10 St\u00fcck<br \/>\n\u00d8 innen: 12,0 mm | Bohrung: 15,8 mm | \u00d8 au\u00dfen: 20,2 mm &#8211; 5 St\u00fcck<br \/>\n\u00d8 innen: 15,5 mm | Bohrung: 22,0 mm | \u00d8 au\u00dfen: 27,0 mm &#8211; 5 St\u00fcck<br \/>\n\u00d8 innen: 17,4 mm | Bohrung: 25,4 mm | \u00d8 au\u00dfen: 32,5 mm &#8211; 5 St\u00fcck<\/p>\n<p><strong>Technische Daten:<\/strong><\/p>\n<ul>\n<li>Sortiert in Kunststoff-Kassette<\/li>\n<\/ul>\n","protected":false},"featured_media":1415,"comment_status":"closed","ping_status":"closed","template":"","meta":{"_et_pb_use_builder":"","_et_pb_old_content":"","_et_gb_content_width":""},"product_brand":[],"product_cat":[31],"product_tag":[],"class_list":{"0":"post-1827","1":"product","2":"type-product","3":"status-publish","4":"has-post-thumbnail","6":"product_cat-kleinteilsortimente","8":"first","9":"instock","10":"shipping-taxable","11":"product-type-simple"},"_links":{"self":[{"href":"https:\/\/normex-werkzeuge.de\/de\/wp-json\/wp\/v2\/product\/1827","targetHints":{"allow":["GET"]}}],"collection":[{"href":"https:\/\/normex-werkzeuge.de\/de\/wp-json\/wp\/v2\/product"}],"about":[{"href":"https:\/\/normex-werkzeuge.de\/de\/wp-json\/wp\/v2\/types\/product"}],"replies":[{"embeddable":true,"href":"https:\/\/normex-werkzeuge.de\/de\/wp-json\/wp\/v2\/comments?post=1827"}],"wp:featuredmedia":[{"embeddable":true,"href":"https:\/\/normex-werkzeuge.de\/de\/wp-json\/wp\/v2\/media\/1415"}],"wp:attachment":[{"href":"https:\/\/normex-werkzeuge.de\/de\/wp-json\/wp\/v2\/media?parent=1827"}],"wp:term":[{"taxonomy":"product_brand","embeddable":true,"href":"https:\/\/normex-werkzeuge.de\/de\/wp-json\/wp\/v2\/product_brand?post=1827"},{"taxonomy":"product_cat","embeddable":true,"href":"https:\/\/normex-werkzeuge.de\/de\/wp-json\/wp\/v2\/product_cat?post=1827"},{"taxonomy":"product_tag","embeddable":true,"href":"https:\/\/normex-werkzeuge.de\/de\/wp-json\/wp\/v2\/product_tag?post=1827"}],"curies":[{"name":"wp","href":"https:\/\/api.w.org\/{rel}","templated":true}]}}