{"id":1825,"date":"2023-10-08T20:46:46","date_gmt":"2023-10-08T18:46:46","guid":{"rendered":"https:\/\/normex-werkzeuge.de\/de\/produkt\/aluminium-dichtring-sortiment-450-tlg\/"},"modified":"2023-12-12T12:58:29","modified_gmt":"2023-12-12T11:58:29","slug":"aluminium-dichtring-sortiment-450-tlg","status":"publish","type":"product","link":"https:\/\/normex-werkzeuge.de\/de\/produkt\/aluminium-dichtring-sortiment-450-tlg\/","title":{"rendered":"Dichtring-Sortiment | Aluminium | 450-teilig"},"content":{"rendered":"","protected":false},"excerpt":{"rendered":"<p><b>Inhalt:<br \/>\n<\/b>\u00d8innen x \u00d8au\u00dfen x St\u00e4rke:<br \/>\n6 mm x 10 mm x 1,0 mm &#8211; 40 St\u00fcck<br \/>\n6 mm x 12 mm x 1,0 mm &#8211; 40 St\u00fcck<br \/>\n8 mm x 12 mm x 1,0 mm &#8211; 40 St\u00fcck<br \/>\n8 mm x 14 mm x 1,0 mm &#8211; 40 St\u00fcck<br \/>\n10 mm x 14 mm x 1,0 mm &#8211; 40 St\u00fcck<br \/>\n10 mm x 16 mm x 1,0 mm &#8211; 40 St\u00fcck<br \/>\n12 mm x 16 mm x 1,5 mm &#8211; 20 St\u00fcck<br \/>\n12 mm x 18 mm x 1,5 mm &#8211; 20 St\u00fcck<br \/>\n14 mm x 18 mm x 1,5 mm &#8211; 20 St\u00fcck<br \/>\n14 mm x 20 mm x 1,5 mm &#8211; 20 St\u00fcck<br \/>\n16 mm x 20 mm x 1,5 mm &#8211; 20 St\u00fcck<br \/>\n16 mm x 22 mm x 1,5 mm &#8211; 20 St\u00fcck<br \/>\n18 mm x 22 mm x 1,5 mm &#8211; 20 St\u00fcck<br \/>\n18 mm x 24 mm x 1,5 mm &#8211; 20 St\u00fcck<br \/>\n20 mm x 26 mm x 1,5 mm &#8211; 20 St\u00fcck<br \/>\n20 mm x 27 mm x 1,5 mm &#8211; 10 St\u00fcck<br \/>\n22 mm x 29 mm x 1,5 mm &#8211; 10 St\u00fcck<br \/>\n24 mm x 29 mm x 2,0 mm &#8211; 10 St\u00fcck<\/p>\n<p><strong>Anwendung:<\/strong><br \/>\nEinsetzbar zur Abdichtung von Leitungsverschraubungen und Ablassschrauben an \u00d6l- und Flie\u00dffettsystemen (z.B. \u00d6lwannenschrauben an Fahrzeugen).<\/p>\n<p>&nbsp;<\/p>\n","protected":false},"featured_media":1413,"comment_status":"open","ping_status":"closed","template":"","meta":{"_et_pb_use_builder":"","_et_pb_old_content":"","_et_gb_content_width":""},"product_brand":[],"product_cat":[31],"product_tag":[],"class_list":{"0":"post-1825","1":"product","2":"type-product","3":"status-publish","4":"has-post-thumbnail","6":"product_cat-kleinteilsortimente","8":"first","9":"instock","10":"shipping-taxable","11":"product-type-simple"},"_links":{"self":[{"href":"https:\/\/normex-werkzeuge.de\/de\/wp-json\/wp\/v2\/product\/1825","targetHints":{"allow":["GET"]}}],"collection":[{"href":"https:\/\/normex-werkzeuge.de\/de\/wp-json\/wp\/v2\/product"}],"about":[{"href":"https:\/\/normex-werkzeuge.de\/de\/wp-json\/wp\/v2\/types\/product"}],"replies":[{"embeddable":true,"href":"https:\/\/normex-werkzeuge.de\/de\/wp-json\/wp\/v2\/comments?post=1825"}],"wp:featuredmedia":[{"embeddable":true,"href":"https:\/\/normex-werkzeuge.de\/de\/wp-json\/wp\/v2\/media\/1413"}],"wp:attachment":[{"href":"https:\/\/normex-werkzeuge.de\/de\/wp-json\/wp\/v2\/media?parent=1825"}],"wp:term":[{"taxonomy":"product_brand","embeddable":true,"href":"https:\/\/normex-werkzeuge.de\/de\/wp-json\/wp\/v2\/product_brand?post=1825"},{"taxonomy":"product_cat","embeddable":true,"href":"https:\/\/normex-werkzeuge.de\/de\/wp-json\/wp\/v2\/product_cat?post=1825"},{"taxonomy":"product_tag","embeddable":true,"href":"https:\/\/normex-werkzeuge.de\/de\/wp-json\/wp\/v2\/product_tag?post=1825"}],"curies":[{"name":"wp","href":"https:\/\/api.w.org\/{rel}","templated":true}]}}