{"id":1824,"date":"2023-10-08T20:46:46","date_gmt":"2023-10-08T18:46:46","guid":{"rendered":"https:\/\/normex-werkzeuge.de\/de\/produkt\/kupfer-dichtring-sortiment-150-tlg\/"},"modified":"2023-12-12T12:49:18","modified_gmt":"2023-12-12T11:49:18","slug":"kupfer-dichtring-sortiment-150-tlg","status":"publish","type":"product","link":"https:\/\/normex-werkzeuge.de\/de\/produkt\/kupfer-dichtring-sortiment-150-tlg\/","title":{"rendered":"Dichtring-Sortiment | Kupfer | 150-teilig"},"content":{"rendered":"","protected":false},"excerpt":{"rendered":"<p><strong>Inhalt:<br \/>\n<\/strong>je 10 St\u00fcck in folgenden Abmessungen<br \/>\n\u00d8 innen x \u00d8 au\u00dfen x St\u00e4rke:<br \/>\n5,0 x 10,0 x 1,0 mm<br \/>\n6,0 x 10,0 x 1,0 mm<br \/>\n7,0 x 10,0 x 1,0 mm<br \/>\n8,0 x 12,0 x 1,0 mm<br \/>\n10,0 x 16,0 x 1,0 mm<br \/>\n10,5 x 17,0 x 1,5 mm<br \/>\n11,0 x 17,0 x 1,5 mm<br \/>\n14,0 x 18,0 x 1,0 mm<br \/>\n12,0 x 20,0 x 1,5 mm<br \/>\n12,5 x 20,0 x 1,5 mm<br \/>\n14,0 x 20,0 x 1,5 mm<br \/>\n15,0 x 20,0 x 2,0 mm<br \/>\n16,0 x 22,0 x 2,0 mm<br \/>\n16,5 x 24,0 x 2,0 mm<br \/>\n17,5 x 24,0 x 2,0 mm<\/p>\n<p><strong>Anwendung:<\/strong><br \/>\nZum Abdichten von \u00d6l-Ablassschrauben<\/p>\n<p><strong>Technische Daten:<\/strong><\/p>\n<ul>\n<li>Material: Kupfer<\/li>\n<li>Sortiert in Kunststoff-Kassette<\/li>\n<\/ul>\n","protected":false},"featured_media":1412,"comment_status":"closed","ping_status":"closed","template":"","meta":{"_et_pb_use_builder":"","_et_pb_old_content":"","_et_gb_content_width":""},"product_brand":[],"product_cat":[31],"product_tag":[],"class_list":{"0":"post-1824","1":"product","2":"type-product","3":"status-publish","4":"has-post-thumbnail","6":"product_cat-kleinteilsortimente","8":"first","9":"instock","10":"shipping-taxable","11":"product-type-simple"},"_links":{"self":[{"href":"https:\/\/normex-werkzeuge.de\/de\/wp-json\/wp\/v2\/product\/1824","targetHints":{"allow":["GET"]}}],"collection":[{"href":"https:\/\/normex-werkzeuge.de\/de\/wp-json\/wp\/v2\/product"}],"about":[{"href":"https:\/\/normex-werkzeuge.de\/de\/wp-json\/wp\/v2\/types\/product"}],"replies":[{"embeddable":true,"href":"https:\/\/normex-werkzeuge.de\/de\/wp-json\/wp\/v2\/comments?post=1824"}],"wp:featuredmedia":[{"embeddable":true,"href":"https:\/\/normex-werkzeuge.de\/de\/wp-json\/wp\/v2\/media\/1412"}],"wp:attachment":[{"href":"https:\/\/normex-werkzeuge.de\/de\/wp-json\/wp\/v2\/media?parent=1824"}],"wp:term":[{"taxonomy":"product_brand","embeddable":true,"href":"https:\/\/normex-werkzeuge.de\/de\/wp-json\/wp\/v2\/product_brand?post=1824"},{"taxonomy":"product_cat","embeddable":true,"href":"https:\/\/normex-werkzeuge.de\/de\/wp-json\/wp\/v2\/product_cat?post=1824"},{"taxonomy":"product_tag","embeddable":true,"href":"https:\/\/normex-werkzeuge.de\/de\/wp-json\/wp\/v2\/product_tag?post=1824"}],"curies":[{"name":"wp","href":"https:\/\/api.w.org\/{rel}","templated":true}]}}