{"id":1793,"date":"2023-10-08T20:46:18","date_gmt":"2023-10-08T18:46:18","guid":{"rendered":"https:\/\/normex-werkzeuge.de\/de\/produkt\/hss-g-spiralbohrersatz-25-tlg\/"},"modified":"2024-03-20T13:52:17","modified_gmt":"2024-03-20T12:52:17","slug":"hss-g-spiralbohrersatz-25-tlg","status":"publish","type":"product","link":"https:\/\/normex-werkzeuge.de\/de\/produkt\/hss-g-spiralbohrersatz-25-tlg\/","title":{"rendered":"HSS-G Spiralbohrersatz | 1,0 &#8211; 13,0 mm | 25-teilig"},"content":{"rendered":"<p>Die aus dem vollen Material geschliffenen Bohrer bieten \u00e4u\u00dferste Pr\u00e4zision durch ihre optimale Rundlaufgenauigkeit. Der Kreuzanschliff sorgt f\u00fcr eine rutschfeste Zentrierung des Bohrers ohne Vorbohrung. Ein Spitzenwinkel von 135\u00b0 garantiert einen hohen Materialabtrag, selbst bei schwer zu zerspanenden Werkstoffen. Die sauber ausgefr\u00e4sten Spitalnuten der Bohrer sorgen f\u00fcr eine ideale Spanabfuhr.<\/p>\n<p>Der aus Stahlblech gefertigte Sortimentskasten beherbergt alle Bohrer, der Gr\u00f6\u00dfe nach sortiert, sofort griffbereit.<\/p>\n","protected":false},"excerpt":{"rendered":"<p><strong>Gr\u00f6\u00dfen:<\/strong><br \/>\n1,0 \/ 1,5 \/ 2,0 \/ 2,5 \/ 3,0 \/ 3,5 \/ 4,0 \/ 4,5 \/ 5,0 \/ 5,5 \/ 6,0 \/ 6,5 \/ 7,0 \/ 7,5 \/ 8,0 \/ 8,5 \/ 9,0 \/ 9,5 \/ 10,0 \/ 10,5 \/ 11,0 \/ 11,5 \/ 12,0 \/ 12,5 \/ 13,0 mm<\/p>\n<p><strong>Technische Daten:<\/strong><\/p>\n<ul>\n<li>Hochleistungs-Schnellarbeitsstahl<\/li>\n<li>Gefertigt nach DIN 338<\/li>\n<li>Komplett geschliffen<\/li>\n<li>Spitzenwinkel: 135\u00b0<\/li>\n<li>Kreuzanschliff<\/li>\n<li>Rechtsschneidend<\/li>\n<li>Schaft: zylindrisch<\/li>\n<li>F\u00fcr Materialien bis zu 1100 N\/mm\u00b2 Festigkeit<\/li>\n<li>Sortiert in Stahl-Kassette<\/li>\n<\/ul>\n<p>&nbsp;<\/p>\n","protected":false},"featured_media":5737,"comment_status":"closed","ping_status":"closed","template":"","meta":{"_et_pb_use_builder":"","_et_pb_old_content":"","_et_gb_content_width":""},"product_brand":[],"product_cat":[25],"product_tag":[],"class_list":{"0":"post-1793","1":"product","2":"type-product","3":"status-publish","4":"has-post-thumbnail","6":"product_cat-bohrer","8":"first","9":"instock","10":"shipping-taxable","11":"product-type-simple"},"_links":{"self":[{"href":"https:\/\/normex-werkzeuge.de\/de\/wp-json\/wp\/v2\/product\/1793","targetHints":{"allow":["GET"]}}],"collection":[{"href":"https:\/\/normex-werkzeuge.de\/de\/wp-json\/wp\/v2\/product"}],"about":[{"href":"https:\/\/normex-werkzeuge.de\/de\/wp-json\/wp\/v2\/types\/product"}],"replies":[{"embeddable":true,"href":"https:\/\/normex-werkzeuge.de\/de\/wp-json\/wp\/v2\/comments?post=1793"}],"wp:featuredmedia":[{"embeddable":true,"href":"https:\/\/normex-werkzeuge.de\/de\/wp-json\/wp\/v2\/media\/5737"}],"wp:attachment":[{"href":"https:\/\/normex-werkzeuge.de\/de\/wp-json\/wp\/v2\/media?parent=1793"}],"wp:term":[{"taxonomy":"product_brand","embeddable":true,"href":"https:\/\/normex-werkzeuge.de\/de\/wp-json\/wp\/v2\/product_brand?post=1793"},{"taxonomy":"product_cat","embeddable":true,"href":"https:\/\/normex-werkzeuge.de\/de\/wp-json\/wp\/v2\/product_cat?post=1793"},{"taxonomy":"product_tag","embeddable":true,"href":"https:\/\/normex-werkzeuge.de\/de\/wp-json\/wp\/v2\/product_tag?post=1793"}],"curies":[{"name":"wp","href":"https:\/\/api.w.org\/{rel}","templated":true}]}}