{"id":1771,"date":"2023-10-08T20:46:11","date_gmt":"2023-10-08T18:46:11","guid":{"rendered":"https:\/\/normex-werkzeuge.de\/de\/produkt\/flaechenspachtel-180-mm-spachtelbreite\/"},"modified":"2023-12-05T11:57:00","modified_gmt":"2023-12-05T10:57:00","slug":"flaechenspachtel-180-mm-spachtelbreite","status":"publish","type":"product","link":"https:\/\/normex-werkzeuge.de\/de\/produkt\/flaechenspachtel-180-mm-spachtelbreite\/","title":{"rendered":"Fl\u00e4chenspachtel | in verschiedenen Gr\u00f6\u00dfen"},"content":{"rendered":"","protected":false},"excerpt":{"rendered":"<p><strong>Technische Daten:<\/strong><\/p>\n<ul>\n<li>Klinge aus Edelstahl (rostfrei)<\/li>\n<li>mit Kunststoffgriff<\/li>\n<\/ul>\n","protected":false},"featured_media":1357,"comment_status":"closed","ping_status":"closed","template":"","meta":{"_et_pb_use_builder":"","_et_pb_old_content":"","_et_gb_content_width":""},"product_brand":[],"product_cat":[66],"product_tag":[],"class_list":{"0":"post-1771","1":"product","2":"type-product","3":"status-publish","4":"has-post-thumbnail","6":"product_cat-handwerk","8":"first","9":"instock","10":"shipping-taxable","11":"product-type-variable"},"_links":{"self":[{"href":"https:\/\/normex-werkzeuge.de\/de\/wp-json\/wp\/v2\/product\/1771","targetHints":{"allow":["GET"]}}],"collection":[{"href":"https:\/\/normex-werkzeuge.de\/de\/wp-json\/wp\/v2\/product"}],"about":[{"href":"https:\/\/normex-werkzeuge.de\/de\/wp-json\/wp\/v2\/types\/product"}],"replies":[{"embeddable":true,"href":"https:\/\/normex-werkzeuge.de\/de\/wp-json\/wp\/v2\/comments?post=1771"}],"wp:featuredmedia":[{"embeddable":true,"href":"https:\/\/normex-werkzeuge.de\/de\/wp-json\/wp\/v2\/media\/1357"}],"wp:attachment":[{"href":"https:\/\/normex-werkzeuge.de\/de\/wp-json\/wp\/v2\/media?parent=1771"}],"wp:term":[{"taxonomy":"product_brand","embeddable":true,"href":"https:\/\/normex-werkzeuge.de\/de\/wp-json\/wp\/v2\/product_brand?post=1771"},{"taxonomy":"product_cat","embeddable":true,"href":"https:\/\/normex-werkzeuge.de\/de\/wp-json\/wp\/v2\/product_cat?post=1771"},{"taxonomy":"product_tag","embeddable":true,"href":"https:\/\/normex-werkzeuge.de\/de\/wp-json\/wp\/v2\/product_tag?post=1771"}],"curies":[{"name":"wp","href":"https:\/\/api.w.org\/{rel}","templated":true}]}}