{"id":1752,"date":"2023-10-08T20:45:48","date_gmt":"2023-10-08T18:45:48","guid":{"rendered":"https:\/\/normex-werkzeuge.de\/de\/produkt\/ausdrueckzange-fuer-auspuffgummis\/"},"modified":"2023-11-08T15:52:29","modified_gmt":"2023-11-08T14:52:29","slug":"ausdrueckzange-fuer-auspuffgummis","status":"publish","type":"product","link":"https:\/\/normex-werkzeuge.de\/de\/produkt\/ausdrueckzange-fuer-auspuffgummis\/","title":{"rendered":"Ausdr\u00fcckzange f\u00fcr Auspuffgummis"},"content":{"rendered":"","protected":false},"excerpt":{"rendered":"<ul>\n<li> Erleichtert die Demontage von Haltegummis an der Abgasanlage.<\/li>\n<li>Einsetzbar bei s\u00e4mtlichen Ausf\u00fchrungen von Haltegummis.<\/li>\n<li> Schwere Ausf\u00fchrung f\u00fcr den t\u00e4glichen Einsatz<\/li>\n<li>L\u00e4nge: 300 mm<\/li>\n<li>Gewicht: 0,500 kg<\/li>\n<\/ul>\n","protected":false},"featured_media":1328,"comment_status":"open","ping_status":"closed","template":"","meta":{"_et_pb_use_builder":"","_et_pb_old_content":"","_et_gb_content_width":""},"product_brand":[],"product_cat":[43],"product_tag":[],"class_list":{"0":"post-1752","1":"product","2":"type-product","3":"status-publish","4":"has-post-thumbnail","6":"product_cat-abgasanlage","8":"first","9":"instock","10":"shipping-taxable","11":"product-type-simple"},"_links":{"self":[{"href":"https:\/\/normex-werkzeuge.de\/de\/wp-json\/wp\/v2\/product\/1752","targetHints":{"allow":["GET"]}}],"collection":[{"href":"https:\/\/normex-werkzeuge.de\/de\/wp-json\/wp\/v2\/product"}],"about":[{"href":"https:\/\/normex-werkzeuge.de\/de\/wp-json\/wp\/v2\/types\/product"}],"replies":[{"embeddable":true,"href":"https:\/\/normex-werkzeuge.de\/de\/wp-json\/wp\/v2\/comments?post=1752"}],"wp:featuredmedia":[{"embeddable":true,"href":"https:\/\/normex-werkzeuge.de\/de\/wp-json\/wp\/v2\/media\/1328"}],"wp:attachment":[{"href":"https:\/\/normex-werkzeuge.de\/de\/wp-json\/wp\/v2\/media?parent=1752"}],"wp:term":[{"taxonomy":"product_brand","embeddable":true,"href":"https:\/\/normex-werkzeuge.de\/de\/wp-json\/wp\/v2\/product_brand?post=1752"},{"taxonomy":"product_cat","embeddable":true,"href":"https:\/\/normex-werkzeuge.de\/de\/wp-json\/wp\/v2\/product_cat?post=1752"},{"taxonomy":"product_tag","embeddable":true,"href":"https:\/\/normex-werkzeuge.de\/de\/wp-json\/wp\/v2\/product_tag?post=1752"}],"curies":[{"name":"wp","href":"https:\/\/api.w.org\/{rel}","templated":true}]}}