{"id":1746,"date":"2023-10-08T20:45:46","date_gmt":"2023-10-08T18:45:46","guid":{"rendered":"https:\/\/normex-werkzeuge.de\/de\/produkt\/revolverlochzange-220-mm\/"},"modified":"2023-12-12T09:44:59","modified_gmt":"2023-12-12T08:44:59","slug":"revolverlochzange-220-mm","status":"publish","type":"product","link":"https:\/\/normex-werkzeuge.de\/de\/produkt\/revolverlochzange-220-mm\/","title":{"rendered":"Revolverlochzange | \u00d8 2 &#8211; 4,5 mm | 220 mm"},"content":{"rendered":"","protected":false},"excerpt":{"rendered":"<p><strong>Technische Daten:<\/strong><\/p>\n<ul>\n<li>Lochgr\u00f6\u00dfen: \u00d8 2 \/ 2,5 \/ 3 \/ 3,5 \/ 4 \/ 4,5 mm<\/li>\n<li>Hergestellt aus Stahlblech<\/li>\n<li>Verchromt<\/li>\n<li>Mit spezial-geh\u00e4rteten Lochpfeifen<\/li>\n<\/ul>\n","protected":false},"featured_media":1321,"comment_status":"open","ping_status":"closed","template":"","meta":{"_et_pb_use_builder":"","_et_pb_old_content":"","_et_gb_content_width":""},"product_brand":[],"product_cat":[73,28],"product_tag":[],"class_list":{"0":"post-1746","1":"product","2":"type-product","3":"status-publish","4":"has-post-thumbnail","6":"product_cat-spezialzangen","7":"product_cat-zangen","9":"first","10":"instock","11":"shipping-taxable","12":"product-type-simple"},"_links":{"self":[{"href":"https:\/\/normex-werkzeuge.de\/de\/wp-json\/wp\/v2\/product\/1746","targetHints":{"allow":["GET"]}}],"collection":[{"href":"https:\/\/normex-werkzeuge.de\/de\/wp-json\/wp\/v2\/product"}],"about":[{"href":"https:\/\/normex-werkzeuge.de\/de\/wp-json\/wp\/v2\/types\/product"}],"replies":[{"embeddable":true,"href":"https:\/\/normex-werkzeuge.de\/de\/wp-json\/wp\/v2\/comments?post=1746"}],"wp:featuredmedia":[{"embeddable":true,"href":"https:\/\/normex-werkzeuge.de\/de\/wp-json\/wp\/v2\/media\/1321"}],"wp:attachment":[{"href":"https:\/\/normex-werkzeuge.de\/de\/wp-json\/wp\/v2\/media?parent=1746"}],"wp:term":[{"taxonomy":"product_brand","embeddable":true,"href":"https:\/\/normex-werkzeuge.de\/de\/wp-json\/wp\/v2\/product_brand?post=1746"},{"taxonomy":"product_cat","embeddable":true,"href":"https:\/\/normex-werkzeuge.de\/de\/wp-json\/wp\/v2\/product_cat?post=1746"},{"taxonomy":"product_tag","embeddable":true,"href":"https:\/\/normex-werkzeuge.de\/de\/wp-json\/wp\/v2\/product_tag?post=1746"}],"curies":[{"name":"wp","href":"https:\/\/api.w.org\/{rel}","templated":true}]}}