{"id":1702,"date":"2023-10-08T20:45:15","date_gmt":"2023-10-08T18:45:15","guid":{"rendered":"https:\/\/normex-werkzeuge.de\/de\/produkt\/profi-handbeil-530g\/"},"modified":"2023-12-14T11:02:29","modified_gmt":"2023-12-14T10:02:29","slug":"profi-handbeil-530g","status":"publish","type":"product","link":"https:\/\/normex-werkzeuge.de\/de\/produkt\/profi-handbeil-530g\/","title":{"rendered":"Beil | glasfaserverst\u00e4rkter Nylonstie | 530g"},"content":{"rendered":"","protected":false},"excerpt":{"rendered":"<p><strong>Technische Daten:<\/strong><\/p>\n<ul>\n<li>Scharfe Carbonstahlklinge mit Teflonbeschichtung f\u00fcr einen optimalen Antihafteffekt und erh\u00f6hte Witterungsbest\u00e4ndigkeit<\/li>\n<li>Die Klinge ist festsitzend in den Stiel eingearbeitet.<\/li>\n<li>Der Stiel ist aus sehr robustem und witterungsbest\u00e4ndigem Fiberglas und Nylon gefertigt<\/li>\n<li>Der innen hohl konstruierte Stiel absorbiert Vibrationen und garantiert einen r\u00fcckschlagarmen Einsatz<\/li>\n<li>Geringes Gesamtgewicht und optimale Balance (Kopfgewicht: 410 g \/ Gesamtgewicht: 580 g)<\/li>\n<li>L\u00e4nge: 370 mm<\/li>\n<li>Im praktischen Kunststoffhalter<\/li>\n<\/ul>\n","protected":false},"featured_media":4049,"comment_status":"closed","ping_status":"closed","template":"","meta":{"_et_pb_use_builder":"","_et_pb_old_content":"","_et_gb_content_width":""},"product_brand":[],"product_cat":[33],"product_tag":[],"class_list":{"0":"post-1702","1":"product","2":"type-product","3":"status-publish","4":"has-post-thumbnail","6":"product_cat-aexte-beile","8":"first","9":"instock","10":"shipping-taxable","11":"product-type-simple"},"_links":{"self":[{"href":"https:\/\/normex-werkzeuge.de\/de\/wp-json\/wp\/v2\/product\/1702","targetHints":{"allow":["GET"]}}],"collection":[{"href":"https:\/\/normex-werkzeuge.de\/de\/wp-json\/wp\/v2\/product"}],"about":[{"href":"https:\/\/normex-werkzeuge.de\/de\/wp-json\/wp\/v2\/types\/product"}],"replies":[{"embeddable":true,"href":"https:\/\/normex-werkzeuge.de\/de\/wp-json\/wp\/v2\/comments?post=1702"}],"wp:featuredmedia":[{"embeddable":true,"href":"https:\/\/normex-werkzeuge.de\/de\/wp-json\/wp\/v2\/media\/4049"}],"wp:attachment":[{"href":"https:\/\/normex-werkzeuge.de\/de\/wp-json\/wp\/v2\/media?parent=1702"}],"wp:term":[{"taxonomy":"product_brand","embeddable":true,"href":"https:\/\/normex-werkzeuge.de\/de\/wp-json\/wp\/v2\/product_brand?post=1702"},{"taxonomy":"product_cat","embeddable":true,"href":"https:\/\/normex-werkzeuge.de\/de\/wp-json\/wp\/v2\/product_cat?post=1702"},{"taxonomy":"product_tag","embeddable":true,"href":"https:\/\/normex-werkzeuge.de\/de\/wp-json\/wp\/v2\/product_tag?post=1702"}],"curies":[{"name":"wp","href":"https:\/\/api.w.org\/{rel}","templated":true}]}}