{"id":1684,"date":"2023-10-08T20:45:09","date_gmt":"2023-10-08T18:45:09","guid":{"rendered":"https:\/\/normex-werkzeuge.de\/de\/produkt\/faeustel-1000g-mit-fiberglasstiel\/"},"modified":"2023-11-30T13:19:48","modified_gmt":"2023-11-30T12:19:48","slug":"faeustel-1000g-mit-fiberglasstiel","status":"publish","type":"product","link":"https:\/\/normex-werkzeuge.de\/de\/produkt\/faeustel-1000g-mit-fiberglasstiel\/","title":{"rendered":"F\u00e4ustel | mit Fiberglasstiel | in verschiedenen Gr\u00f6\u00dfen"},"content":{"rendered":"","protected":false},"excerpt":{"rendered":"<p><strong>Technische Daten:<\/strong><\/p>\n<ul>\n<li>Kopf geschmiedet<\/li>\n<li>schwarz pulverbeschichtet, mit blank geschiffenen Bahnen<\/li>\n<li>Kunststoffstiel mit Fiberglasskern und gummiertem Griff<\/li>\n<li>Signalfarbe &#8211; schnell zu finden, schwer zu verlegen.<\/li>\n<\/ul>\n","protected":false},"featured_media":1243,"comment_status":"open","ping_status":"closed","template":"","meta":{"_et_pb_use_builder":"","_et_pb_old_content":"","_et_gb_content_width":""},"product_brand":[],"product_cat":[30],"product_tag":[],"class_list":{"0":"post-1684","1":"product","2":"type-product","3":"status-publish","4":"has-post-thumbnail","6":"product_cat-haemmer","8":"first","9":"instock","10":"shipping-taxable","11":"product-type-variable"},"_links":{"self":[{"href":"https:\/\/normex-werkzeuge.de\/de\/wp-json\/wp\/v2\/product\/1684","targetHints":{"allow":["GET"]}}],"collection":[{"href":"https:\/\/normex-werkzeuge.de\/de\/wp-json\/wp\/v2\/product"}],"about":[{"href":"https:\/\/normex-werkzeuge.de\/de\/wp-json\/wp\/v2\/types\/product"}],"replies":[{"embeddable":true,"href":"https:\/\/normex-werkzeuge.de\/de\/wp-json\/wp\/v2\/comments?post=1684"}],"wp:featuredmedia":[{"embeddable":true,"href":"https:\/\/normex-werkzeuge.de\/de\/wp-json\/wp\/v2\/media\/1243"}],"wp:attachment":[{"href":"https:\/\/normex-werkzeuge.de\/de\/wp-json\/wp\/v2\/media?parent=1684"}],"wp:term":[{"taxonomy":"product_brand","embeddable":true,"href":"https:\/\/normex-werkzeuge.de\/de\/wp-json\/wp\/v2\/product_brand?post=1684"},{"taxonomy":"product_cat","embeddable":true,"href":"https:\/\/normex-werkzeuge.de\/de\/wp-json\/wp\/v2\/product_cat?post=1684"},{"taxonomy":"product_tag","embeddable":true,"href":"https:\/\/normex-werkzeuge.de\/de\/wp-json\/wp\/v2\/product_tag?post=1684"}],"curies":[{"name":"wp","href":"https:\/\/api.w.org\/{rel}","templated":true}]}}