{"id":1655,"date":"2023-10-08T20:44:44","date_gmt":"2023-10-08T18:44:44","guid":{"rendered":"https:\/\/normex-werkzeuge.de\/de\/produkt\/vde-spannungspruefer-60-mm-110-250-volt\/"},"modified":"2023-12-04T15:15:31","modified_gmt":"2023-12-04T14:15:31","slug":"vde-spannungspruefer-60-mm-110-250-volt","status":"publish","type":"product","link":"https:\/\/normex-werkzeuge.de\/de\/produkt\/vde-spannungspruefer-60-mm-110-250-volt\/","title":{"rendered":"VDE-Standardpr\u00fcfer | in verschiedenen Gr\u00f6\u00dfen"},"content":{"rendered":"","protected":false},"excerpt":{"rendered":"<div class=\"et_pb_module et_pb_wc_description et_pb_wc_description_0_tb_body et_pb_bg_layout_light et_pb_text_align_left\">\n<div class=\"et_pb_module_inner\">\n<p><strong>Technische Daten:<\/strong><\/p>\n<ul>\n<li>Einpoliger Spannungspr\u00fcfer<\/li>\n<li>Deutsche Herstellung<\/li>\n<li>Messbereich: AC 120 \u2013 250 Volt<\/li>\n<li>Fest integrierte Glimmlampe<\/li>\n<li>Profil: Schlitz<\/li>\n<li>GS-gepr\u00fcft<\/li>\n<\/ul>\n<\/div>\n<\/div>\n","protected":false},"featured_media":1201,"comment_status":"closed","ping_status":"closed","template":"","meta":{"_et_pb_use_builder":"","_et_pb_old_content":"","_et_gb_content_width":""},"product_brand":[],"product_cat":[65],"product_tag":[],"class_list":{"0":"post-1655","1":"product","2":"type-product","3":"status-publish","4":"has-post-thumbnail","6":"product_cat-spannungspruefer","8":"first","9":"instock","10":"shipping-taxable","11":"product-type-variable"},"_links":{"self":[{"href":"https:\/\/normex-werkzeuge.de\/de\/wp-json\/wp\/v2\/product\/1655","targetHints":{"allow":["GET"]}}],"collection":[{"href":"https:\/\/normex-werkzeuge.de\/de\/wp-json\/wp\/v2\/product"}],"about":[{"href":"https:\/\/normex-werkzeuge.de\/de\/wp-json\/wp\/v2\/types\/product"}],"replies":[{"embeddable":true,"href":"https:\/\/normex-werkzeuge.de\/de\/wp-json\/wp\/v2\/comments?post=1655"}],"wp:featuredmedia":[{"embeddable":true,"href":"https:\/\/normex-werkzeuge.de\/de\/wp-json\/wp\/v2\/media\/1201"}],"wp:attachment":[{"href":"https:\/\/normex-werkzeuge.de\/de\/wp-json\/wp\/v2\/media?parent=1655"}],"wp:term":[{"taxonomy":"product_brand","embeddable":true,"href":"https:\/\/normex-werkzeuge.de\/de\/wp-json\/wp\/v2\/product_brand?post=1655"},{"taxonomy":"product_cat","embeddable":true,"href":"https:\/\/normex-werkzeuge.de\/de\/wp-json\/wp\/v2\/product_cat?post=1655"},{"taxonomy":"product_tag","embeddable":true,"href":"https:\/\/normex-werkzeuge.de\/de\/wp-json\/wp\/v2\/product_tag?post=1655"}],"curies":[{"name":"wp","href":"https:\/\/api.w.org\/{rel}","templated":true}]}}