{"id":1633,"date":"2023-10-08T20:44:21","date_gmt":"2023-10-08T18:44:21","guid":{"rendered":"https:\/\/normex-werkzeuge.de\/de\/produkt\/rollgabelschluessel-150-mm\/"},"modified":"2023-10-24T14:07:13","modified_gmt":"2023-10-24T12:07:13","slug":"rollgabelschluessel-150-mm","status":"publish","type":"product","link":"https:\/\/normex-werkzeuge.de\/de\/produkt\/rollgabelschluessel-150-mm\/","title":{"rendered":"Rollgabelschl\u00fcssel | verschiedene Gr\u00f6\u00dfen"},"content":{"rendered":"","protected":false},"excerpt":{"rendered":"<p><strong>Technische Daten:<\/strong><\/p>\n<p>&nbsp;<\/p>\n<ul>\n<li>Aus Werkzeugstahl geschmiedet<\/li>\n<li>Oberfl\u00e4che: matt verchromt mit spiegelpoliertem Kopf<\/li>\n<li>Maulstellung: 15\u00b0<\/li>\n<li>Schraubfall: Au\u00dfensechskant-Profil metrisch\/z\u00f6llig<\/li>\n<\/ul>\n","protected":false},"featured_media":1170,"comment_status":"open","ping_status":"closed","template":"","meta":{"_et_pb_use_builder":"","_et_pb_old_content":"","_et_gb_content_width":""},"product_brand":[],"product_cat":[48,38,20],"product_tag":[],"class_list":{"0":"post-1633","1":"product","2":"type-product","3":"status-publish","4":"has-post-thumbnail","6":"product_cat-maulschluessel","7":"product_cat-schraubenschluessel","8":"product_cat-schraubwerkzeuge","10":"first","11":"instock","12":"shipping-taxable","13":"product-type-variable"},"_links":{"self":[{"href":"https:\/\/normex-werkzeuge.de\/de\/wp-json\/wp\/v2\/product\/1633","targetHints":{"allow":["GET"]}}],"collection":[{"href":"https:\/\/normex-werkzeuge.de\/de\/wp-json\/wp\/v2\/product"}],"about":[{"href":"https:\/\/normex-werkzeuge.de\/de\/wp-json\/wp\/v2\/types\/product"}],"replies":[{"embeddable":true,"href":"https:\/\/normex-werkzeuge.de\/de\/wp-json\/wp\/v2\/comments?post=1633"}],"wp:featuredmedia":[{"embeddable":true,"href":"https:\/\/normex-werkzeuge.de\/de\/wp-json\/wp\/v2\/media\/1170"}],"wp:attachment":[{"href":"https:\/\/normex-werkzeuge.de\/de\/wp-json\/wp\/v2\/media?parent=1633"}],"wp:term":[{"taxonomy":"product_brand","embeddable":true,"href":"https:\/\/normex-werkzeuge.de\/de\/wp-json\/wp\/v2\/product_brand?post=1633"},{"taxonomy":"product_cat","embeddable":true,"href":"https:\/\/normex-werkzeuge.de\/de\/wp-json\/wp\/v2\/product_cat?post=1633"},{"taxonomy":"product_tag","embeddable":true,"href":"https:\/\/normex-werkzeuge.de\/de\/wp-json\/wp\/v2\/product_tag?post=1633"}],"curies":[{"name":"wp","href":"https:\/\/api.w.org\/{rel}","templated":true}]}}