{"id":968,"date":"2023-09-28T19:58:26","date_gmt":"2023-09-28T17:58:26","guid":{"rendered":"https:\/\/normex-werkzeuge.de\/de\/?page_id=968"},"modified":"2024-01-05T09:16:48","modified_gmt":"2024-01-05T08:16:48","slug":"impressum","status":"publish","type":"page","link":"https:\/\/normex-werkzeuge.de\/de\/impressum\/","title":{"rendered":"Impressum"},"content":{"rendered":"<p>[et_pb_section fb_built=&#8220;1&#8243; _builder_version=&#8220;4.22.2&#8243; _module_preset=&#8220;default&#8220; global_colors_info=&#8220;{}&#8220;][et_pb_row _builder_version=&#8220;4.22.2&#8243; _module_preset=&#8220;default&#8220; global_colors_info=&#8220;{}&#8220;][et_pb_column type=&#8220;4_4&#8243; _builder_version=&#8220;4.22.2&#8243; _module_preset=&#8220;default&#8220; global_colors_info=&#8220;{}&#8220;][et_pb_heading title=&#8220;Impressum&#8220; _builder_version=&#8220;4.22.2&#8243; _module_preset=&#8220;default&#8220; global_colors_info=&#8220;{}&#8220;][\/et_pb_heading][et_pb_text _builder_version=&#8220;4.22.2&#8243; _module_preset=&#8220;default&#8220; global_colors_info=&#8220;{}&#8220;]<\/p>\n<p>F\u00fcr die Inhalte, die unter der Webseite www.normex-werkzeuge.de angeboten werden, ist Inhaltlich verantwortlich gem\u00e4\u00df \u00a7 10 Abs. 3 MDStV:<\/p>\n<p><span class=\"text-b\">NORMEX<br \/><\/span><span class=\"text\">Werkzeughandel GmbH &amp; Co. KG<br \/>Hauptstr. 80b<br \/>42349 Wuppertal<\/span><\/p>\n<p><strong>Kontakt:<br \/><\/strong>Fax.: +49 (0)202 429766-10<br \/>E-Mail: info@normex-werkzeuge.de<br \/>Handelsregister<span>\u00a0<\/span><span class=\"text\">Amtsgericht Wuppertal<\/span><span>\u00a0<\/span>HRB 7002<br \/>Umsatzsteuer.-ID-Nr.: DE121106234<br \/>\u00a79 VerpG: DE1686003878675<\/p>\n<p>Gesch\u00e4ftsf\u00fchrung: Norbert Meiser<\/p>\n<p>&nbsp;<\/p>\n<p><strong>\u00a7 Rechtlicher Hinweis:<br \/><\/strong>Die NORMEX Werkzeughandelsges. mbH &amp; Co.KG bem\u00fcht sich auf dieser Website richtige und vollst\u00e4ndige Informationen zur Verf\u00fcgung zu stellen. NORMEX \u00fcbernimmt jedoch keine Haftung oder Garantie f\u00fcr die Aktualit\u00e4t, Richtigkeit und Vollst\u00e4ndigkeit der auf dieser Website bereitgestellten Informationen. Insbesondere gilt dies auch f\u00fcr alle Verbindungen (\u201eLinks\u201c), auf welche diese Website direkt oder indirekt verweist. F\u00fcr den Inhalt einer \u00fcber einen solchen Link erreichten Seite wird keine Verantwortung \u00fcbernommen. Normex beh\u00e4lt sich das Recht vor, jederzeit und ohne vorherige Ank\u00fcndigung \u00c4nderungen oder Erg\u00e4nzungen der bereitgestellten Informationen vorzunehmen. Der Inhalt dieser Website ist urheberrechtlich gesch\u00fctzt. Aus Gr\u00fcnden des Urheberrechts ist die Speicherung und Vervielf\u00e4ltigung von Bildmaterial und\/oder Grafiken aus dieser Website nicht gestattet.<br \/>Fotoarbeiten \/ Bildnachweis: eigenes Bildmaterial NORMEX Werkzeughandelsges. mbH &amp; Co.KG.<\/p>\n<p>[\/et_pb_text][et_pb_text _builder_version=&#8220;4.23.4&#8243; _module_preset=&#8220;default&#8220; global_colors_info=&#8220;{}&#8220;]<b>Eingetragene Warenzeichen:<\/b><br \/>\n\u2022 PHILLIPS\u00ae, POZIDRIV\u00ae, TRIWING\u00ae, TORQ SET\u00ae, Torque\u00ae sind eingetragene Markenzeichen der Firma Phillips Screw Co.<br \/>\n\u2022 TORX\u00ae, TAMPER TORX\u00ae sind eingetragene Markenzeichen der Firma Camcar\/Textron, Texas<br \/>\n\u2022 XZN\u00ae ist ein eingetragenes Markenzeichen der Firma Bauer-Schauerte<br \/>\n\u2022 RIBE\u00ae ist ein eingetragenes Markenzeichen der Firma Richard Berger[\/et_pb_text][\/et_pb_column][\/et_pb_row][\/et_pb_section]<\/p>\n","protected":false},"excerpt":{"rendered":"<p>F\u00fcr die Inhalte, die unter der Webseite www.normex-werkzeuge.de angeboten werden, ist Inhaltlich verantwortlich gem\u00e4\u00df \u00a7 10 Abs. 3 MDStV: NORMEXWerkzeughandel GmbH &amp; Co. KGHauptstr. 80b42349 Wuppertal Kontakt:Fax.: +49 (0)202 429766-10E-Mail: info@normex-werkzeuge.deHandelsregister\u00a0Amtsgericht Wuppertal\u00a0HRB 7002Umsatzsteuer.-ID-Nr.: DE121106234\u00a79 VerpG: DE1686003878675 Gesch\u00e4ftsf\u00fchrung: Norbert Meiser &nbsp; \u00a7 Rechtlicher Hinweis:Die NORMEX Werkzeughandelsges. mbH &amp; Co.KG bem\u00fcht sich auf dieser Website richtige und [&hellip;]<\/p>\n","protected":false},"author":1,"featured_media":0,"parent":0,"menu_order":0,"comment_status":"closed","ping_status":"closed","template":"","meta":{"_et_pb_use_builder":"on","_et_pb_old_content":"","_et_gb_content_width":"","footnotes":""},"class_list":["post-968","page","type-page","status-publish","hentry"],"_links":{"self":[{"href":"https:\/\/normex-werkzeuge.de\/de\/wp-json\/wp\/v2\/pages\/968","targetHints":{"allow":["GET"]}}],"collection":[{"href":"https:\/\/normex-werkzeuge.de\/de\/wp-json\/wp\/v2\/pages"}],"about":[{"href":"https:\/\/normex-werkzeuge.de\/de\/wp-json\/wp\/v2\/types\/page"}],"author":[{"embeddable":true,"href":"https:\/\/normex-werkzeuge.de\/de\/wp-json\/wp\/v2\/users\/1"}],"replies":[{"embeddable":true,"href":"https:\/\/normex-werkzeuge.de\/de\/wp-json\/wp\/v2\/comments?post=968"}],"version-history":[{"count":4,"href":"https:\/\/normex-werkzeuge.de\/de\/wp-json\/wp\/v2\/pages\/968\/revisions"}],"predecessor-version":[{"id":5473,"href":"https:\/\/normex-werkzeuge.de\/de\/wp-json\/wp\/v2\/pages\/968\/revisions\/5473"}],"wp:attachment":[{"href":"https:\/\/normex-werkzeuge.de\/de\/wp-json\/wp\/v2\/media?parent=968"}],"curies":[{"name":"wp","href":"https:\/\/api.w.org\/{rel}","templated":true}]}}