{"id":2216,"date":"2023-10-11T12:50:22","date_gmt":"2023-10-11T10:50:22","guid":{"rendered":"https:\/\/normex-werkzeuge.de\/de\/?page_id=2216"},"modified":"2023-10-11T12:50:22","modified_gmt":"2023-10-11T10:50:22","slug":"ueber-uns","status":"publish","type":"page","link":"https:\/\/normex-werkzeuge.de\/de\/ueber-uns\/","title":{"rendered":"\u00dcber uns"},"content":{"rendered":"<p>[et_pb_section fb_built=&#8220;1&#8243; _builder_version=&#8220;4.22.2&#8243; _module_preset=&#8220;default&#8220; global_colors_info=&#8220;{}&#8220; theme_builder_area=&#8220;post_content&#8220;][et_pb_row _builder_version=&#8220;4.22.2&#8243; _module_preset=&#8220;default&#8220; global_colors_info=&#8220;{}&#8220; theme_builder_area=&#8220;post_content&#8220;][et_pb_column type=&#8220;4_4&#8243; _builder_version=&#8220;4.22.2&#8243; _module_preset=&#8220;default&#8220; global_colors_info=&#8220;{}&#8220; theme_builder_area=&#8220;post_content&#8220;][et_pb_heading title=&#8220;\u00dcber Uns&#8220; _builder_version=&#8220;4.22.2&#8243; _module_preset=&#8220;default&#8220; hover_enabled=&#8220;0&#8243; global_colors_info=&#8220;{}&#8220; theme_builder_area=&#8220;post_content&#8220; sticky_enabled=&#8220;0&#8243; title_text_color=&#8220;#024289&#8243; title_font_size=&#8220;26px&#8220; title_font=&#8220;|700|||||||&#8220; title_text_color_last_edited=&#8220;on|phone&#8220; title_font_size_last_edited=&#8220;on|desktop&#8220; title_font_size_phone=&#8220;19px&#8220; title_text_color_tablet=&#8220;#024289&#8243; title_text_color_phone=&#8220;#024289&#8243; title_font_size_tablet=&#8220;26px&#8220;][\/et_pb_heading][et_pb_text _builder_version=&#8220;4.22.2&#8243; _module_preset=&#8220;default&#8220; hover_enabled=&#8220;0&#8243; global_colors_info=&#8220;{}&#8220; theme_builder_area=&#8220;post_content&#8220; text_text_color=&#8220;#000000&#8243; sticky_enabled=&#8220;0&#8243;]<\/p>\n<p><span class=\"text\">Essenzielle Handwerkzeuge f\u00fcr den t\u00e4glichen Einsatz. Das ist es, wof\u00fcr die Marke NORMEX steht. Unsere Produktpalette konzentriert sich haupts\u00e4chlich auf qualitativ hochwertige und innovative Probleml\u00f6ser f\u00fcr Arbeiten und Reparaturen an Kraftfahrzeugen, wovon jedoch auch viele Werkzeuge in den Bereichen Handwerk und Industrie eingesetzt werden.<\/span><\/p>\n<p><span class=\"text\">Seit 1986 vertreibt NORMEX seine Produkte als Gro\u00dfh\u00e4ndler europaweit, \u00fcber den Werkzeugfachhandel und den Produktionsverbindungshandel, an Werkst\u00e4tten, Industrie- und Handwerksunternehmen sowie qualit\u00e4tsbewusste Privatanwender.<\/span><\/p>\n<p><span class=\"text\">Unsere Webseite bietet Ihnen einen umfangreichen \u00dcberblick zu unseren Produkten. Zudem bieten wir auf Anfrage auch Sonderartikel und Privat-Label-Produkte an. Bitte senden Sie uns bei Interesse an einer Zusammenarbeit Ihre Anfrage per Email, zusammen mit Ihren Unternehmensdaten. Wir werden dann unverz\u00fcglich Kontakt mit Ihnen aufnehmen.<\/span><\/p>\n<p><span class=\"text\">Falls Sie als Endanwender technische Fragen zu bestimmten Werkzeugen haben, helfen wir Ihnen gerne pers\u00f6nlich weiter. Bitte wenden Sie sich f\u00fcr den Erwerb unserer Werkzeuge an den Fach- oder Produktionsverbindungshandel.<\/span><\/p>\n<p>[\/et_pb_text][\/et_pb_column][\/et_pb_row][\/et_pb_section]<\/p>\n","protected":false},"excerpt":{"rendered":"<p>Essenzielle Handwerkzeuge f\u00fcr den t\u00e4glichen Einsatz. Das ist es, wof\u00fcr die Marke NORMEX steht. Unsere Produktpalette konzentriert sich haupts\u00e4chlich auf qualitativ hochwertige und innovative Probleml\u00f6ser f\u00fcr Arbeiten und Reparaturen an Kraftfahrzeugen, wovon jedoch auch viele Werkzeuge in den Bereichen Handwerk und Industrie eingesetzt werden. Seit 1986 vertreibt NORMEX seine Produkte als Gro\u00dfh\u00e4ndler europaweit, \u00fcber den [&hellip;]<\/p>\n","protected":false},"author":1,"featured_media":0,"parent":0,"menu_order":0,"comment_status":"closed","ping_status":"closed","template":"","meta":{"_et_pb_use_builder":"on","_et_pb_old_content":"","_et_gb_content_width":"","footnotes":""},"class_list":["post-2216","page","type-page","status-publish","hentry"],"_links":{"self":[{"href":"https:\/\/normex-werkzeuge.de\/de\/wp-json\/wp\/v2\/pages\/2216","targetHints":{"allow":["GET"]}}],"collection":[{"href":"https:\/\/normex-werkzeuge.de\/de\/wp-json\/wp\/v2\/pages"}],"about":[{"href":"https:\/\/normex-werkzeuge.de\/de\/wp-json\/wp\/v2\/types\/page"}],"author":[{"embeddable":true,"href":"https:\/\/normex-werkzeuge.de\/de\/wp-json\/wp\/v2\/users\/1"}],"replies":[{"embeddable":true,"href":"https:\/\/normex-werkzeuge.de\/de\/wp-json\/wp\/v2\/comments?post=2216"}],"version-history":[{"count":2,"href":"https:\/\/normex-werkzeuge.de\/de\/wp-json\/wp\/v2\/pages\/2216\/revisions"}],"predecessor-version":[{"id":2219,"href":"https:\/\/normex-werkzeuge.de\/de\/wp-json\/wp\/v2\/pages\/2216\/revisions\/2219"}],"wp:attachment":[{"href":"https:\/\/normex-werkzeuge.de\/de\/wp-json\/wp\/v2\/media?parent=2216"}],"curies":[{"name":"wp","href":"https:\/\/api.w.org\/{rel}","templated":true}]}}